{"id":11063,"date":"2018-09-14T17:00:21","date_gmt":"2018-09-14T15:00:21","guid":{"rendered":"https:\/\/gianlucagentile.com\/?page_id=11063"},"modified":"2023-10-12T09:15:39","modified_gmt":"2023-10-12T09:15:39","slug":"indicizzazione-seo-firenze","status":"publish","type":"page","link":"https:\/\/gianlucagentile.com\/blog\/indicizzazione-seo-firenze\/","title":{"rendered":"Indicizzazione SEO Firenze"},"content":{"rendered":"<p>no-repeat;left top;;<\/p>\n<p>auto<\/p>\n<p>Indicizzazione SEO Firenze<\/p>\n<h1 style=\"color: #fff;\"><b>Indicizzazione SEO Firenze<\/b><\/h1>\n<p>[divider height=&#8221;5&#8243;]<br \/>\n[image src=&#8221;https:\/\/gianlucagentile.com\/wp-content\/uploads\/2018\/08\/linea-sottotitolo-gianluca-gentile.png&#8221; width=&#8221;&#8221; height=&#8221;&#8221; align=&#8221;&#8221; stretch=&#8221;0&#8243; border=&#8221;0&#8243; margin_top=&#8221;&#8221; margin_bottom=&#8221;15&#8243; link_image=&#8221;&#8221; link=&#8221;&#8221; target=&#8221;&#8221; hover=&#8221;&#8221; alt=&#8221;&#8221; caption=&#8221;&#8221; greyscale=&#8221;&#8221; animate=&#8221;&#8221;]<\/p>\n<h2 style=\"color: #fff;\">Aumenta il posizionamento SEO per la tua attivit\u00e0 e diventa primo sui motori di ricerca grazie <b> indicizzazione SEO Firenze<\/b><\/h2>\n<p>center<\/p>\n<p>no-repeat;center top;;<\/p>\n<p>auto<\/p>\n<p>no-repeat;left top;;<\/p>\n<p>auto<\/p>\n<p>no-repeat;left top;;<\/p>\n<p>auto<\/p>\n<h1 style=\"color: #fff;\"><b>Indicizzazione SEO Firenze<\/b><\/h1>\n<p>[divider height=&#8221;5&#8243;]<br \/>\n[image src=&#8221;https:\/\/gianlucagentile.com\/wp-content\/uploads\/2018\/08\/linea-sottotitolo-gianluca-gentile.png&#8221; width=&#8221;&#8221; height=&#8221;&#8221; align=&#8221;&#8221; stretch=&#8221;0&#8243; border=&#8221;0&#8243; margin_top=&#8221;&#8221; margin_bottom=&#8221;15&#8243; link_image=&#8221;&#8221; link=&#8221;&#8221; target=&#8221;&#8221; hover=&#8221;&#8221; alt=&#8221;&#8221; caption=&#8221;&#8221; greyscale=&#8221;&#8221; animate=&#8221;&#8221;]<\/p>\n<h2 style=\"color: #fff;\">Aumenta il posizionamento SEO per la tua attivit\u00e0 e diventa primo sui motori di ricerca grazie <b> indicizzazione SEO Firenze<\/b><\/h2>\n<p>center<\/p>\n<p>no-repeat;center top;;<\/p>\n<p>auto<\/p>\n<p>no-repeat;left top;;<\/p>\n<p>auto<\/p>\n<p><img decoding=\"async\" src=\"https:\/\/gianlucagentile.com\/wp-content\/uploads\/2018\/09\/Dai-sprint-al-tuo-sito-web.png\" alt=\"Dai sprint al tuo sito web\" \/><\/p>\n<p>center<\/p>\n<p>20<\/p>\n<p>fadeInLeft<\/p>\n<p>Risultati veloci e garantiti<\/p>\n<p>[image src=&#8221;https:\/\/gianlucagentile.com\/wp-content\/uploads\/2018\/08\/Puzzle-gianluca-gentile-Giallo.png&#8221; width=&#8221;&#8221; height=&#8221;&#8221; align=&#8221;&#8221; stretch=&#8221;0&#8243; border=&#8221;0&#8243; margin_top=&#8221;&#8221; margin_bottom=&#8221;20&#8243; link_image=&#8221;&#8221; link=&#8221;&#8221; target=&#8221;&#8221; hover=&#8221;&#8221; alt=&#8221;&#8221; caption=&#8221;&#8221; greyscale=&#8221;&#8221; animate=&#8221;&#8221;]<\/p>\n<h3>Risultati veloci e garantiti<\/h3>\n<p>[image src=&#8221;https:\/\/gianlucagentile.com\/wp-content\/uploads\/2018\/08\/linea-sottotitolo-gianluca-gentile.png&#8221; width=&#8221;&#8221; height=&#8221;&#8221; align=&#8221;&#8221; stretch=&#8221;0&#8243; border=&#8221;0&#8243; margin_top=&#8221;&#8221; margin_bottom=&#8221;20&#8243; link_image=&#8221;&#8221; link=&#8221;&#8221; target=&#8221;&#8221; hover=&#8221;&#8221; alt=&#8221;&#8221; caption=&#8221;&#8221; greyscale=&#8221;&#8221; animate=&#8221;&#8221;]<\/p>\n<p>Raggiungi le prime posizioni in poco tempo, potrai avere dei risultati dopo solo 3 giorni. <u>Grazie alla mia tecnica \u00e8 possibile raggiungere le prime posizioni su Google pr tutte le ricerche migliori di Firenze, diventa il primo con la tua attivit\u00e0 con la mia Indicizzazione SEO Firenze<\/u><\/p>\n<p>center<\/p>\n<p>no-repeat;center top;;<\/p>\n<p>auto<\/p>\n<p>20% 0px 10% 0px<\/p>\n<p><img decoding=\"async\" src=\"https:\/\/gianlucagentile.com\/wp-content\/uploads\/2018\/09\/Dai-sprint-al-tuo-sito-web.png\" alt=\"Dai sprint al tuo sito web\" \/><\/p>\n<p>center<\/p>\n<p>fadeInLeft<\/p>\n<p>[image src=&#8221;https:\/\/gianlucagentile.com\/wp-content\/uploads\/2018\/08\/Puzzle-gianluca-gentile-Giallo.png&#8221; width=&#8221;&#8221; height=&#8221;&#8221; align=&#8221;&#8221; stretch=&#8221;0&#8243; border=&#8221;0&#8243; margin_top=&#8221;&#8221; margin_bottom=&#8221;20&#8243; link_image=&#8221;&#8221; link=&#8221;&#8221; target=&#8221;&#8221; hover=&#8221;&#8221; alt=&#8221;&#8221; caption=&#8221;&#8221; greyscale=&#8221;&#8221; animate=&#8221;&#8221;]<\/p>\n<h3>Risultati veloci e garantiti<\/h3>\n<p>[image src=&#8221;https:\/\/gianlucagentile.com\/wp-content\/uploads\/2018\/08\/linea-sottotitolo-gianluca-gentile.png&#8221; width=&#8221;&#8221; height=&#8221;&#8221; align=&#8221;&#8221; stretch=&#8221;0&#8243; border=&#8221;0&#8243; margin_top=&#8221;&#8221; margin_bottom=&#8221;20&#8243; link_image=&#8221;&#8221; link=&#8221;&#8221; target=&#8221;&#8221; hover=&#8221;&#8221; alt=&#8221;&#8221; caption=&#8221;&#8221; greyscale=&#8221;&#8221; animate=&#8221;&#8221;]<\/p>\n<p>Raggiungi le prime posizioni in poco tempo, potrai avere dei risultati dopo solo 3 giorni. <u>Grazie alla mia tecnica \u00e8 possibile raggiungere le prime posizioni su Google pr tutte le ricerche migliori di Firenze diventa il primo con la tua attivit\u00e0 con la mia Indicizzazione SEO Firenze<\/u><\/p>\n<p>center<\/p>\n<p>no-repeat;center top;;<\/p>\n<p>auto<\/p>\n<p>0px<\/p>\n<p>Sistema Completo<\/p>\n<p>[image src=&#8221;https:\/\/gianlucagentile.com\/wp-content\/uploads\/2018\/08\/Design-personalizzabile-Giallo.png&#8221; width=&#8221;&#8221; height=&#8221;&#8221; align=&#8221;&#8221; stretch=&#8221;0&#8243; border=&#8221;0&#8243; margin_top=&#8221;&#8221; margin_bottom=&#8221;20&#8243; link_image=&#8221;&#8221; link=&#8221;&#8221; target=&#8221;&#8221; hover=&#8221;&#8221; alt=&#8221;&#8221; caption=&#8221;&#8221; greyscale=&#8221;&#8221; animate=&#8221;&#8221;]<\/p>\n<h3>Sistema Completo<\/h3>\n<p>[image src=&#8221;https:\/\/gianlucagentile.com\/wp-content\/uploads\/2018\/08\/linea-sottotitolo-gianluca-gentile.png&#8221; width=&#8221;&#8221; height=&#8221;&#8221; align=&#8221;&#8221; stretch=&#8221;0&#8243; border=&#8221;0&#8243; margin_top=&#8221;&#8221; margin_bottom=&#8221;20&#8243; link_image=&#8221;&#8221; link=&#8221;&#8221; target=&#8221;&#8221; hover=&#8221;&#8221; alt=&#8221;&#8221; caption=&#8221;&#8221; greyscale=&#8221;&#8221; animate=&#8221;&#8221;]<\/p>\n<p>Un sistema SEO frutto di anni d&#8217;esperienza, non un semplice modulo ma una combinazione di software, tecniche e studi che ti faranno acquisire la prima posizione su Google e altri motori di ricerca. <u>Grazie a uno studio indicizzazione SEO Firenze \u00e8 possibile posizionare in poco tempo il tuo sito web nell migliori ricerche di Firenze<\/u><\/p>\n<p>center<\/p>\n<p>no-repeat;center top;;<\/p>\n<p>auto<\/p>\n<p>20% 0px 10% 0px<\/p>\n<p><img decoding=\"async\" src=\"https:\/\/gianlucagentile.com\/wp-content\/uploads\/2018\/09\/Un-sistema-completo.png\" alt=\"Un sistema completo\" \/><\/p>\n<p>center<\/p>\n<p>30<\/p>\n<p>fadeInRight<\/p>\n<p><img decoding=\"async\" src=\"https:\/\/gianlucagentile.com\/wp-content\/uploads\/2018\/09\/Un-sistema-completo.png\" alt=\"Un sistema completo\" \/><\/p>\n<p>center<\/p>\n<p>fadeInRight<\/p>\n<p>[image src=&#8221;https:\/\/gianlucagentile.com\/wp-content\/uploads\/2018\/08\/Design-personalizzabile-Giallo.png&#8221; width=&#8221;&#8221; height=&#8221;&#8221; align=&#8221;&#8221; stretch=&#8221;0&#8243; border=&#8221;0&#8243; margin_top=&#8221;&#8221; margin_bottom=&#8221;20&#8243; link_image=&#8221;&#8221; link=&#8221;&#8221; target=&#8221;&#8221; hover=&#8221;&#8221; alt=&#8221;&#8221; caption=&#8221;&#8221; greyscale=&#8221;&#8221; animate=&#8221;&#8221;]<\/p>\n<h3>Sistema Completo<\/h3>\n<p>[image src=&#8221;https:\/\/gianlucagentile.com\/wp-content\/uploads\/2018\/08\/linea-sottotitolo-gianluca-gentile.png&#8221; width=&#8221;&#8221; height=&#8221;&#8221; align=&#8221;&#8221; stretch=&#8221;0&#8243; border=&#8221;0&#8243; margin_top=&#8221;&#8221; margin_bottom=&#8221;20&#8243; link_image=&#8221;&#8221; link=&#8221;&#8221; target=&#8221;&#8221; hover=&#8221;&#8221; alt=&#8221;&#8221; caption=&#8221;&#8221; greyscale=&#8221;&#8221; animate=&#8221;&#8221;]<\/p>\n<p>Un sistema SEO frutto di anni d&#8217;esperienza, non un semplice modulo ma una combinazione di software, tecniche e studi che ti faranno acquisire la prima posizione su Google e altri motori di ricerca. <u>Grazie a uno studio indicizzazione SEO Firenze \u00e8 possibile posizionare in poco tempo il tuo sito web nell migliori ricerche di Firenze<\/u><\/p>\n<p>center<\/p>\n<p>no-repeat;center top;;<\/p>\n<p>auto<\/p>\n<p>0px<\/p>\n<p><img decoding=\"async\" src=\"https:\/\/gianlucagentile.com\/wp-content\/uploads\/2018\/09\/Inserisci-fino-a-10-parole-chiavi.png\" alt=\"Inserisci fino a 10 parole chiavi\" \/><\/p>\n<p>center<\/p>\n<p>20<\/p>\n<p>fadeInLeft<\/p>\n<p>Fino a 10 parole chiavi<\/p>\n<p>[image src=&#8221;https:\/\/gianlucagentile.com\/wp-content\/uploads\/2018\/08\/Design-creato-per-magia-Giallo.png&#8221; width=&#8221;&#8221; height=&#8221;&#8221; align=&#8221;&#8221; stretch=&#8221;0&#8243; border=&#8221;0&#8243; margin_top=&#8221;&#8221; margin_bottom=&#8221;20&#8243; link_image=&#8221;&#8221; link=&#8221;&#8221; target=&#8221;&#8221; hover=&#8221;&#8221; alt=&#8221;&#8221; caption=&#8221;&#8221; greyscale=&#8221;&#8221; animate=&#8221;&#8221;]<\/p>\n<h3>Fino a 10 parole chiavi<\/h3>\n<p>[image src=&#8221;https:\/\/gianlucagentile.com\/wp-content\/uploads\/2018\/08\/linea-sottotitolo-gianluca-gentile.png&#8221; width=&#8221;&#8221; height=&#8221;&#8221; align=&#8221;&#8221; stretch=&#8221;0&#8243; border=&#8221;0&#8243; margin_top=&#8221;&#8221; margin_bottom=&#8221;20&#8243; link_image=&#8221;&#8221; link=&#8221;&#8221; target=&#8221;&#8221; hover=&#8221;&#8221; alt=&#8221;&#8221; caption=&#8221;&#8221; greyscale=&#8221;&#8221; animate=&#8221;&#8221;]<\/p>\n<p>Indicizza ogni singola pagina non per una sola parola chiave ma fomp a 10 parole chiavi correlate, questo sistema ti consente di avcere risultati rapidi e su pi\u00f9 parole chiavi contemporaneamente.<u> Potrai indicizzare la tua pagina non solo con le parole chiavi principali ma anche con altre parole chiavi correlate.<\/u><\/p>\n<p>center<\/p>\n<p>no-repeat;center top;;<\/p>\n<p>auto<\/p>\n<p>20% 0px 10% 0px<\/p>\n<p><img decoding=\"async\" src=\"https:\/\/gianlucagentile.com\/wp-content\/uploads\/2018\/09\/Inserisci-fino-a-10-parole-chiavi.png\" alt=\"Inserisci fino a 10 parole chiavi\" \/><\/p>\n<p>center<\/p>\n<p>fadeInLeft<\/p>\n<p>[image src=&#8221;https:\/\/gianlucagentile.com\/wp-content\/uploads\/2018\/08\/Design-creato-per-magia-Giallo.png&#8221; width=&#8221;&#8221; height=&#8221;&#8221; align=&#8221;&#8221; stretch=&#8221;0&#8243; border=&#8221;0&#8243; margin_top=&#8221;&#8221; margin_bottom=&#8221;20&#8243; link_image=&#8221;&#8221; link=&#8221;&#8221; target=&#8221;&#8221; hover=&#8221;&#8221; alt=&#8221;&#8221; caption=&#8221;&#8221; greyscale=&#8221;&#8221; animate=&#8221;&#8221;]<\/p>\n<h3>Fino a 10 parole chiavi<\/h3>\n<p>[image src=&#8221;https:\/\/gianlucagentile.com\/wp-content\/uploads\/2018\/08\/linea-sottotitolo-gianluca-gentile.png&#8221; width=&#8221;&#8221; height=&#8221;&#8221; align=&#8221;&#8221; stretch=&#8221;0&#8243; border=&#8221;0&#8243; margin_top=&#8221;&#8221; margin_bottom=&#8221;20&#8243; link_image=&#8221;&#8221; link=&#8221;&#8221; target=&#8221;&#8221; hover=&#8221;&#8221; alt=&#8221;&#8221; caption=&#8221;&#8221; greyscale=&#8221;&#8221; animate=&#8221;&#8221;]<\/p>\n<p>Indicizza ogni singola pagina non per una sola parola chiave ma fomp a 10 parole chiavi correlate, questo sistema ti consente di avcere risultati rapidi e su pi\u00f9 parole chiavi contemporaneamente.<u> Potrai indicizzare la tua pagina non solo con le parole chiavi principali ma anche con altre parole chiavi correlate.<\/u><\/p>\n<p>center<\/p>\n<p>no-repeat;center top;;<\/p>\n<p>auto<\/p>\n<p>0px<\/p>\n<p>Cosa dicono di me su Facebook<\/p>\n<h2>Cosa dicono di me su Facebook<\/h2>\n<p>[image src=&#8221;https:\/\/gianlucagentile.com\/wp-content\/uploads\/2018\/08\/linea-sottotitolo-gianluca-gentile.png&#8221; width=&#8221;&#8221; height=&#8221;&#8221; align=&#8221;&#8221; stretch=&#8221;0&#8243; border=&#8221;0&#8243; margin_top=&#8221;&#8221; margin_bottom=&#8221;15&#8243; link_image=&#8221;&#8221; link=&#8221;&#8221; target=&#8221;&#8221; hover=&#8221;&#8221; alt=&#8221;&#8221; caption=&#8221;&#8221; greyscale=&#8221;&#8221; animate=&#8221;&#8221;]<\/p>\n<p>center<\/p>\n<p>no-repeat;center top;;<\/p>\n<p>auto<\/p>\n<p>0px<\/p>\n<p>Recensioni Facebook<\/p>\n<p>[facebook-reviews-pro page_name=&#8221;Gianluca Gentile&#8221; page_id=1781356155492647 page_access_token=EAAVVPjFKgSEBAHAUT7Xm5D3jzADPuXAiOwcmNm7IdFbeB4j2gbFiluIGGZBBRThL13UIyLhAmfVCkqAwAN2bZCsAORZBS7SxWHmwMRabyFtfegA7HGmcd6ERQmRU9G2CBUZCxmxOCbsXRlceOoonxMpC6nTZACWyVkZBWVMZAunJwZDZD rating_snippet=true view_mode=slider open_link=true nofollow_link=true cache=24]<\/p>\n<p>no-repeat;left top;;<\/p>\n<p>auto<\/p>\n<p>Pulsante in basso a destra<\/p>\n<p>[google-reviews-pro place_photo=https:\/\/lh3.googleusercontent.com\/p\/AF1QipNUdmqdDhdB_lllpvwlahGbS03-lwJAljZZJDTP=s1600-w300-h300 place_name=&#8221;Gianluca Gentile&#8221; place_id=ChIJM7WfeyhuLxMRKj7pqH-aaNc auto_load=true rating_snippet=true write_review=true view_mode=badge open_link=true nofollow_link=true lazy_load_img=true]<\/p>\n<p>no-repeat;left top;;<\/p>\n<p>auto<\/p>\n<p>Caratteristiche servizio Indicizzazione SEO Firenze<\/p>\n<h2><i>Caratteristiche servizio Indicizzazione SEO Firenze<\/i><\/h2>\n<p>[image src=&#8221;https:\/\/gianlucagentile.com\/wp-content\/uploads\/2018\/08\/linea-sottotitolo-gianluca-gentile.png&#8221; width=&#8221;&#8221; height=&#8221;&#8221; align=&#8221;&#8221; stretch=&#8221;0&#8243; border=&#8221;0&#8243; margin_top=&#8221;&#8221; margin_bottom=&#8221;15&#8243; link_image=&#8221;&#8221; link=&#8221;&#8221; target=&#8221;&#8221; hover=&#8221;&#8221; alt=&#8221;&#8221; caption=&#8221;&#8221; greyscale=&#8221;&#8221; animate=&#8221;&#8221;]<\/p>\n<p>center<\/p>\n<p>no-repeat;center top;;<\/p>\n<p>auto<\/p>\n<p>0px<\/p>\n<p><img decoding=\"async\" src=\"https:\/\/gianlucagentile.com\/wp-content\/uploads\/2018\/09\/integrazione-google-analytics.jpg\" alt=\"integrazione google analytics\" \/><\/p>\n<p>450<\/p>\n<p>center<\/p>\n<p>Integrazione Google Analytics<\/p>\n<h3>Integrazione Google Analytics<\/h3>\n<p>Studia le statistiche del tuo sito web direttamente dalla Dashboard e non perdere nemmeno un&#8217;informazione su i tuoi utenti.<\/p>\n<p>center<\/p>\n<p>no-repeat;center top;;<\/p>\n<p>auto<\/p>\n<p>5px<\/p>\n<p><img decoding=\"async\" src=\"https:\/\/gianlucagentile.com\/wp-content\/uploads\/2018\/09\/Monitoraggio-SERP-giornaliero.jpg\" alt=\"Monitoraggio SERP giornaliero\" \/><\/p>\n<p>450<\/p>\n<p>center<\/p>\n<p>Monitoraggio SERP giornaliero<\/p>\n<h3>Monitoraggio SERP giornaliero<\/h3>\n<p>Il tuo sito web monitorer\u00e0 giornalmente la tua indicizzazione e la confronter\u00e0 con i tuoi competitor.<\/p>\n<p>center<\/p>\n<p>no-repeat;center top;;<\/p>\n<p>auto<\/p>\n<p>5px<\/p>\n<p><img decoding=\"async\" src=\"https:\/\/gianlucagentile.com\/wp-content\/uploads\/2018\/09\/Monitoraggio-velocit\u00e0-delle-pagine.jpg\" alt=\"Monitoraggio velocit\u00e0 delle pagine\" \/><\/p>\n<p>450<\/p>\n<p>center<\/p>\n<p>Monitoraggio della velocit\u00e0<\/p>\n<h3>Monitoraggio della velocit\u00e0<\/h3>\n<p>Per indicizzare un sito bisogna che questo sia veloce sia da desktop che da mobile, \u00e8 possibile monitorare ogni singola pagina.<\/p>\n<p>center<\/p>\n<p>no-repeat;center top;;<\/p>\n<p>auto<\/p>\n<p>5px<\/p>\n<p><img decoding=\"async\" src=\"https:\/\/gianlucagentile.com\/wp-content\/uploads\/2018\/09\/Monitoraggio-pagine-404.jpg\" alt=\"Monitoraggio pagine 404\" \/><\/p>\n<p>450<\/p>\n<p>center<\/p>\n<p>Monitoraggio pagine 404<\/p>\n<h3>Monitoraggio pagine 404<\/h3>\n<p>Monitora tutte le pagine 404 del tuo sito web e scegli dove reindirizzare i visitatori.<\/p>\n<p>center<\/p>\n<p>no-repeat;center top;;<\/p>\n<p>auto<\/p>\n<p>5px<\/p>\n<p><img decoding=\"async\" src=\"https:\/\/gianlucagentile.com\/wp-content\/uploads\/2018\/09\/Minify-CSS-e-Javascript.jpg\" alt=\"Minify CSS e Javascript\" \/><\/p>\n<p>450<\/p>\n<p>center<\/p>\n<p>Minify CSS e JavaScript<\/p>\n<h3>Minify CSS e JavaScript<\/h3>\n<p>Grazie a questa tecnica \u00e8 possibile annidare il codice per renderlo pi\u00f9 veloci ai browser web, tutto questo si traduce in maggiore velocit\u00e0.<\/p>\n<p>center<\/p>\n<p>no-repeat;center top;;<\/p>\n<p>auto<\/p>\n<p>5px<\/p>\n<p><img decoding=\"async\" src=\"https:\/\/gianlucagentile.com\/wp-content\/uploads\/2018\/09\/Integrazione-Google-My-Business.jpg\" alt=\"Integrazione Google My Business\" \/><\/p>\n<p>450<\/p>\n<p>center<\/p>\n<p>Integrazione Recensioni<\/p>\n<h3>Integrazione Recensioni<\/h3>\n<p>Mostra le recensioni di Google, Facebook e Yelp sul tuo sito web e migliora il posizionamento con i Rich Snippets sulle recensioni.<\/p>\n<p>center<\/p>\n<p>no-repeat;center top;;<\/p>\n<p>auto<\/p>\n<p>5px<\/p>\n<p><img decoding=\"async\" src=\"https:\/\/gianlucagentile.com\/wp-content\/uploads\/2018\/09\/Indicizzazione-di-Massa.jpg\" alt=\"Indicizzazione di Massa\" \/><\/p>\n<p>450<\/p>\n<p>center<\/p>\n<p>Indicizzazione di Massa<\/p>\n<h3>Indicizzazione di Massa<\/h3>\n<p>Se il tuo sito ha molte pagine, puoi utilizzare l&#8217;indicizzazione di massa che ti consente di indicizzare i tuoi articolo con un click<\/p>\n<p>center<\/p>\n<p>no-repeat;center top;;<\/p>\n<p>auto<\/p>\n<p>5px<\/p>\n<p><img decoding=\"async\" src=\"https:\/\/gianlucagentile.com\/wp-content\/uploads\/2018\/09\/Invio-Sitemap.jpg\" alt=\"Invio Sitemap\" \/><\/p>\n<p>450<\/p>\n<p>center<\/p>\n<p>Invio Sitemap<\/p>\n<h3>Invio Sitemap<\/h3>\n<p>Invia la tua Sitemap con un semplice click a Google e Bing, hai a disposizione 3 sitemap differenti da invia.<\/p>\n<p>center<\/p>\n<p>no-repeat;center top;;<\/p>\n<p>auto<\/p>\n<p>5px<\/p>\n<p><img decoding=\"async\" src=\"https:\/\/gianlucagentile.com\/wp-content\/uploads\/2018\/09\/Redirect-Automatici.jpg\" alt=\"Redirect Automatici\" \/><\/p>\n<p>450<\/p>\n<p>center<\/p>\n<p>Redirect Automatici<\/p>\n<h3>Redirect Automatici<\/h3>\n<p>Crea redirect interni e esterni, puoi utilizzare questa funzione per prevenire errori 404<\/p>\n<p>center<\/p>\n<p>no-repeat;center top;;<\/p>\n<p>auto<\/p>\n<p>5px<\/p>\n<p><img decoding=\"async\" src=\"https:\/\/gianlucagentile.com\/wp-content\/uploads\/2018\/09\/Crea-link-automatici.jpg\" alt=\"Crea link automatici\" \/><\/p>\n<p>450<\/p>\n<p>center<\/p>\n<p>Crea link automatici<\/p>\n<h3>Crea link automatici<\/h3>\n<p>Crea link automatici legati alle parole che utilizzi di pi\u00f9, puoi creare link interni e esterni automatici in pochi click.<\/p>\n<p>center<\/p>\n<p>no-repeat;center top;;<\/p>\n<p>auto<\/p>\n<p>5px<\/p>\n<p><img decoding=\"async\" src=\"https:\/\/gianlucagentile.com\/wp-content\/uploads\/2018\/09\/Imposta-Metadati.jpg\" alt=\"Imposta Metadati\" \/><\/p>\n<p>450<\/p>\n<p>center<\/p>\n<p>Impostazione Metadati<\/p>\n<h3>Impostazione Metadati<\/h3>\n<p>Crea Metadati globali o crea dei Metadati per ogni singola pagina, puoi inserire fino a 10 parole chiavi principali per ogni pagina!<\/p>\n<p>center<\/p>\n<p>no-repeat;center top;;<\/p>\n<p>auto<\/p>\n<p>5px<\/p>\n<p><img decoding=\"async\" src=\"https:\/\/gianlucagentile.com\/wp-content\/uploads\/2018\/09\/Comprimi-le-immagini.jpg\" alt=\"Comprimi le immagini\" \/><\/p>\n<p>450<\/p>\n<p>center<\/p>\n<p>Comprimi le immagini<\/p>\n<h3>Comprimi le immagini<\/h3>\n<p>Avere delle immagini leggere pu\u00f2 aiutare a ridurre i tempi di caricamento di una pagina web aumentandone la velocit\u00e0.<\/p>\n<p>center<\/p>\n<p>no-repeat;center top;;<\/p>\n<p>auto<\/p>\n<p>5px<\/p>\n<p><img decoding=\"async\" src=\"https:\/\/gianlucagentile.com\/wp-content\/uploads\/2018\/09\/File-robots-e-htaccess-personalizzati.jpg\" alt=\"File robots e htaccess personalizzati\" \/><\/p>\n<p>450<\/p>\n<p>center<\/p>\n<p>Crea file personalizzati<\/p>\n<h3>Crea file personalizzati<\/h3>\n<p>Crea file robots.txt e .htaccess personalizzati modificandoli direttamente dalla dashboard del tuo sito web.<\/p>\n<p>center<\/p>\n<p>no-repeat;center top;;<\/p>\n<p>auto<\/p>\n<p>5px<\/p>\n<p><img decoding=\"async\" src=\"https:\/\/gianlucagentile.com\/wp-content\/uploads\/2018\/09\/SEO-anche-per-le-immagini.jpg\" alt=\"SEO anche per le immagini\" \/><\/p>\n<p>450<\/p>\n<p>center<\/p>\n<p>SEO anche per le immagini<\/p>\n<h3>SEO anche per le immagini<\/h3>\n<p>Crea delle regole automatiche per impostare i Metadati anche alle tue immagini.<\/p>\n<p>center<\/p>\n<p>no-repeat;center top;;<\/p>\n<p>auto<\/p>\n<p>5px<\/p>\n<p><img decoding=\"async\" src=\"https:\/\/gianlucagentile.com\/wp-content\/uploads\/2018\/09\/Rich-Snippets.jpg\" alt=\"Rich Snippets\" \/><\/p>\n<p>450<\/p>\n<p>center<\/p>\n<p>Rich Snippets<\/p>\n<h3>Rich Snippets<\/h3>\n<p>Aggiungi i Rich Snippets ai tuoi contenuti, mostra: foto, prezzo, recensioni e altre informazioni su Google.<\/p>\n<p>center<\/p>\n<p>no-repeat;center top;;<\/p>\n<p>auto<\/p>\n<p>5px<\/p>\n<p>Portfolio<\/p>\n<h2>Guarda alcuni miei lavori<\/h2>\n<p>[image src=&#8221;https:\/\/gianlucagentile.com\/wp-content\/uploads\/2018\/08\/linea-sottotitolo-gianluca-gentile.png&#8221; width=&#8221;&#8221; height=&#8221;&#8221; align=&#8221;&#8221; stretch=&#8221;0&#8243; border=&#8221;0&#8243; margin_top=&#8221;&#8221; margin_bottom=&#8221;15&#8243; link_image=&#8221;&#8221; link=&#8221;&#8221; target=&#8221;&#8221; hover=&#8221;&#8221; alt=&#8221;&#8221; caption=&#8221;&#8221; greyscale=&#8221;&#8221; animate=&#8221;&#8221;]<\/p>\n<p>center<\/p>\n<p>no-repeat;center top;;<\/p>\n<p>auto<\/p>\n<p>0px<\/p>\n<p>6<\/p>\n<p>siti-web<\/p>\n<p>rand<\/p>\n<p>DESC<\/p>\n<p>always<\/p>\n<p>large<\/p>\n<p>page<\/p>\n<p>Preventivo<\/p>\n<h2>Richiedi un preventivo per diventare primo su Firenze<\/h2>\n<p>[image src=&#8221;https:\/\/gianlucagentile.com\/wp-content\/uploads\/2018\/08\/linea-sottotitolo-gianluca-gentile.png&#8221; width=&#8221;&#8221; height=&#8221;&#8221; align=&#8221;&#8221; stretch=&#8221;0&#8243; border=&#8221;0&#8243; margin_top=&#8221;&#8221; margin_bottom=&#8221;15&#8243; link_image=&#8221;&#8221; link=&#8221;&#8221; target=&#8221;&#8221; hover=&#8221;&#8221; alt=&#8221;&#8221; caption=&#8221;&#8221; greyscale=&#8221;&#8221; animate=&#8221;&#8221;]<\/p>\n<p>Realizza il preventivo per il tuo progetto autonomamente, grazie al mio sistema di preventivi online.<\/p>\n<p>center<\/p>\n<p>no-repeat;center top;;<\/p>\n<p>auto<\/p>\n<p>0px<\/p>\n<p>Preventivo<\/p>\n<p><a href=\"https:\/\/gianlucagentile.com\/preventivi\/\">https:\/\/gianlucagentile.com\/preventivi\/<\/a><\/p>\n<p>center<\/p>\n<p>icon-globe<\/p>\n<p>left<\/p>\n<p>2<\/p>\n","protected":false},"excerpt":{"rendered":"<p>no-repeat;left top;; auto Indicizzazione SEO Firenze Indicizzazione SEO Firenze [divider height=&#8221;5&#8243;] [image src=&#8221;https:\/\/gianlucagentile.com\/wp-content\/uploads\/2018\/08\/linea-sottotitolo-gianluca-gentile.png&#8221; width=&#8221;&#8221; height=&#8221;&#8221; align=&#8221;&#8221; stretch=&#8221;0&#8243; border=&#8221;0&#8243; margin_top=&#8221;&#8221; margin_bottom=&#8221;15&#8243; link_image=&#8221;&#8221; link=&#8221;&#8221; target=&#8221;&#8221; hover=&#8221;&#8221; alt=&#8221;&#8221;&#8230;<\/p>\n","protected":false},"author":1,"featured_media":0,"parent":0,"menu_order":0,"comment_status":"closed","ping_status":"closed","template":"","meta":{"_seopress_robots_primary_cat":"","_seopress_titles_title":"%%post_title%% %%sep%% %%sitetitle%%","_seopress_titles_desc":"Ottimizza il posizionamento sui motori di ricerca a Firenze con servizi SEO professionali. Migliora la tua presenza online.","_seopress_robots_index":"","footnotes":""},"class_list":["post-11063","page","type-page","status-publish"],"_links":{"self":[{"href":"https:\/\/gianlucagentile.com\/blog\/wp-json\/wp\/v2\/pages\/11063","targetHints":{"allow":["GET"]}}],"collection":[{"href":"https:\/\/gianlucagentile.com\/blog\/wp-json\/wp\/v2\/pages"}],"about":[{"href":"https:\/\/gianlucagentile.com\/blog\/wp-json\/wp\/v2\/types\/page"}],"author":[{"embeddable":true,"href":"https:\/\/gianlucagentile.com\/blog\/wp-json\/wp\/v2\/users\/1"}],"replies":[{"embeddable":true,"href":"https:\/\/gianlucagentile.com\/blog\/wp-json\/wp\/v2\/comments?post=11063"}],"version-history":[{"count":0,"href":"https:\/\/gianlucagentile.com\/blog\/wp-json\/wp\/v2\/pages\/11063\/revisions"}],"wp:attachment":[{"href":"https:\/\/gianlucagentile.com\/blog\/wp-json\/wp\/v2\/media?parent=11063"}],"curies":[{"name":"wp","href":"https:\/\/api.w.org\/{rel}","templated":true}]}}