{"id":11166,"date":"2018-09-17T07:47:42","date_gmt":"2018-09-17T05:47:42","guid":{"rendered":"https:\/\/gianlucagentile.com\/?page_id=11166"},"modified":"2024-12-29T12:13:44","modified_gmt":"2024-12-29T11:13:44","slug":"realizzazione-siti-web-dinamici","status":"publish","type":"page","link":"https:\/\/gianlucagentile.com\/blog\/realizzazione-siti-web-dinamici\/","title":{"rendered":"Realizzazione Siti Web Dinamici"},"content":{"rendered":"<p>no-repeat;left top;;<\/p>\n<p>auto<\/p>\n<p>Realizzazione Siti Web Dinamici<\/p>\n<h1 style=\"color: #fff\">Realizzazione Siti Web Dinamici<\/h1>\n<p>[divider height=&#8221;5&#8243;]<br \/>\n[image src=&#8221;https:\/\/gianlucagentile.com\/wp-content\/uploads\/2018\/08\/linea-sottotitolo-gianluca-gentile.png&#8221; width=&#8221;&#8221; height=&#8221;&#8221; align=&#8221;&#8221; stretch=&#8221;0&#8243; border=&#8221;0&#8243; margin_top=&#8221;&#8221; margin_bottom=&#8221;15&#8243; link_image=&#8221;&#8221; link=&#8221;&#8221; target=&#8221;&#8221; hover=&#8221;&#8221; alt=&#8221;&#8221; caption=&#8221;&#8221; greyscale=&#8221;&#8221; animate=&#8221;&#8221;]<\/p>\n<h2 style=\"color: #fff\">Non un normale sito web, ma una software online per gestire la comunicazione della tua Azienda.<\/h2>\n<p>center<\/p>\n<p>no-repeat;center top;;<\/p>\n<p>auto<\/p>\n<p>no-repeat;left top;;<\/p>\n<p>auto<\/p>\n<p>no-repeat;left top;;<\/p>\n<p>auto<\/p>\n<p>Realizzazione Siti Web Dinamici<\/p>\n<h1 style=\"color: #fff\">Realizzazione Siti Web Dinamici<\/h1>\n<p>[divider height=&#8221;5&#8243;]<br \/>\n[image src=&#8221;https:\/\/gianlucagentile.com\/wp-content\/uploads\/2018\/08\/linea-sottotitolo-gianluca-gentile.png&#8221; width=&#8221;&#8221; height=&#8221;&#8221; align=&#8221;&#8221; stretch=&#8221;0&#8243; border=&#8221;0&#8243; margin_top=&#8221;&#8221; margin_bottom=&#8221;15&#8243; link_image=&#8221;&#8221; link=&#8221;&#8221; target=&#8221;&#8221; hover=&#8221;&#8221; alt=&#8221;&#8221; caption=&#8221;&#8221; greyscale=&#8221;&#8221; animate=&#8221;&#8221;]<\/p>\n<h2 style=\"color: #fff\">Non un normale sito web, ma una software online per gestire la comunicazione della tua Azienda.<\/h2>\n<p>center<\/p>\n<p>no-repeat;center top;;<\/p>\n<p>auto<\/p>\n<p>no-repeat;left top;;<\/p>\n<p>auto<\/p>\n<p><img decoding=\"async\" src=\"https:\/\/gianlucagentile.com\/wp-content\/uploads\/2018\/08\/Gestione-Semplificata-delle-tue-pagine.webp\" alt=\"Gestione Semplificata delle tue pagine\" \/><\/p>\n<p>center<\/p>\n<p>fadeInLeft<\/p>\n<p>[image src=&#8221;https:\/\/gianlucagentile.com\/wp-content\/uploads\/2018\/08\/Puzzle-gianluca-gentile-Giallo.png&#8221; width=&#8221;&#8221; height=&#8221;&#8221; align=&#8221;&#8221; stretch=&#8221;0&#8243; border=&#8221;0&#8243; margin_top=&#8221;&#8221; margin_bottom=&#8221;20&#8243; link_image=&#8221;&#8221; link=&#8221;&#8221; target=&#8221;&#8221; hover=&#8221;&#8221; alt=&#8221;&#8221; caption=&#8221;&#8221; greyscale=&#8221;&#8221; animate=&#8221;&#8221;]<\/p>\n<h3>Combinazioni Infinite con il tuo sito web dinamico<\/h3>\n<p>[image src=&#8221;https:\/\/gianlucagentile.com\/wp-content\/uploads\/2018\/08\/linea-sottotitolo-gianluca-gentile.png&#8221; width=&#8221;&#8221; height=&#8221;&#8221; align=&#8221;&#8221; stretch=&#8221;0&#8243; border=&#8221;0&#8243; margin_top=&#8221;&#8221; margin_bottom=&#8221;20&#8243; link_image=&#8221;&#8221; link=&#8221;&#8221; target=&#8221;&#8221; hover=&#8221;&#8221; alt=&#8221;&#8221; caption=&#8221;&#8221; greyscale=&#8221;&#8221; animate=&#8221;&#8221;]<\/p>\n<p>Tutti i miei siti web dinamici vengono forniti con un Site Builder integrato, questo componente consente di realizzare in pochi clic pagine web efficaci per attrarre i tuoi utenti<\/p>\n<p>center<\/p>\n<p>no-repeat;center top;;<\/p>\n<p>auto<\/p>\n<p>20% 0px 10% 0px<\/p>\n<p><img decoding=\"async\" src=\"https:\/\/gianlucagentile.com\/wp-content\/uploads\/2018\/08\/Gestione-Semplificata-delle-tue-pagine.webp\" alt=\"Gestione Semplificata delle tue pagine\" \/><\/p>\n<p>center<\/p>\n<p>fadeInLeft<\/p>\n<p>[image src=&#8221;https:\/\/gianlucagentile.com\/wp-content\/uploads\/2018\/08\/Puzzle-gianluca-gentile-Giallo.png&#8221; width=&#8221;&#8221; height=&#8221;&#8221; align=&#8221;&#8221; stretch=&#8221;0&#8243; border=&#8221;0&#8243; margin_top=&#8221;&#8221; margin_bottom=&#8221;20&#8243; link_image=&#8221;&#8221; link=&#8221;&#8221; target=&#8221;&#8221; hover=&#8221;&#8221; alt=&#8221;&#8221; caption=&#8221;&#8221; greyscale=&#8221;&#8221; animate=&#8221;&#8221;]<\/p>\n<h3>Combinazioni Infinite con il tuo sito web dinamico<\/h3>\n<p>[image src=&#8221;https:\/\/gianlucagentile.com\/wp-content\/uploads\/2018\/08\/linea-sottotitolo-gianluca-gentile.png&#8221; width=&#8221;&#8221; height=&#8221;&#8221; align=&#8221;&#8221; stretch=&#8221;0&#8243; border=&#8221;0&#8243; margin_top=&#8221;&#8221; margin_bottom=&#8221;20&#8243; link_image=&#8221;&#8221; link=&#8221;&#8221; target=&#8221;&#8221; hover=&#8221;&#8221; alt=&#8221;&#8221; caption=&#8221;&#8221; greyscale=&#8221;&#8221; animate=&#8221;&#8221;]<\/p>\n<p>Tutti i miei siti web dinamici vengono forniti con un Site Builder integrato, questo componente consente di realizzare in pochi clic pagine web efficaci per attrarre i tuoi utenti<\/p>\n<p>center<\/p>\n<p>no-repeat;center top;;<\/p>\n<p>auto<\/p>\n<p>0px<\/p>\n<p>[image src=&#8221;https:\/\/gianlucagentile.com\/wp-content\/uploads\/2018\/08\/Design-personalizzabile-Giallo.png&#8221; width=&#8221;&#8221; height=&#8221;&#8221; align=&#8221;&#8221; stretch=&#8221;0&#8243; border=&#8221;0&#8243; margin_top=&#8221;&#8221; margin_bottom=&#8221;20&#8243; link_image=&#8221;&#8221; link=&#8221;&#8221; target=&#8221;&#8221; hover=&#8221;&#8221; alt=&#8221;&#8221; caption=&#8221;&#8221; greyscale=&#8221;&#8221; animate=&#8221;&#8221;]<\/p>\n<h3>Design Studiato per siti web dinamici<\/h3>\n<p>[image src=&#8221;https:\/\/gianlucagentile.com\/wp-content\/uploads\/2018\/08\/linea-sottotitolo-gianluca-gentile.png&#8221; width=&#8221;&#8221; height=&#8221;&#8221; align=&#8221;&#8221; stretch=&#8221;0&#8243; border=&#8221;0&#8243; margin_top=&#8221;&#8221; margin_bottom=&#8221;20&#8243; link_image=&#8221;&#8221; link=&#8221;&#8221; target=&#8221;&#8221; hover=&#8221;&#8221; alt=&#8221;&#8221; caption=&#8221;&#8221; greyscale=&#8221;&#8221; animate=&#8221;&#8221;]<\/p>\n<p>Non importa di che colora tu voglia il sito o quale siano le tue icone preferite, su ogni elemento \u00e8 possibile apporte fino a 750 conbinazioni diverse per creare layout sempre differenti. Dai spazio alla tua immaginazione!<\/p>\n<p>center<\/p>\n<p>no-repeat;center top;;<\/p>\n<p>auto<\/p>\n<p>20% 0px 10% 0px<\/p>\n<p><img decoding=\"async\" src=\"https:\/\/gianlucagentile.com\/wp-content\/uploads\/2018\/08\/Personalizzazione-completa.webp\" alt=\"Personalizzazione completa\" \/><\/p>\n<p>center<\/p>\n<p>fadeInRight<\/p>\n<p><img decoding=\"async\" src=\"https:\/\/gianlucagentile.com\/wp-content\/uploads\/2018\/08\/Personalizzazione-completa.webp\" alt=\"Personalizzazione completa\" \/><\/p>\n<p>center<\/p>\n<p>fadeInRight<\/p>\n<p>[image src=&#8221;https:\/\/gianlucagentile.com\/wp-content\/uploads\/2018\/08\/Design-personalizzabile-Giallo.png&#8221; width=&#8221;&#8221; height=&#8221;&#8221; align=&#8221;&#8221; stretch=&#8221;0&#8243; border=&#8221;0&#8243; margin_top=&#8221;&#8221; margin_bottom=&#8221;20&#8243; link_image=&#8221;&#8221; link=&#8221;&#8221; target=&#8221;&#8221; hover=&#8221;&#8221; alt=&#8221;&#8221; caption=&#8221;&#8221; greyscale=&#8221;&#8221; animate=&#8221;&#8221;]<\/p>\n<h3>Design Studiato per siti web dinamici<\/h3>\n<p>[image src=&#8221;https:\/\/gianlucagentile.com\/wp-content\/uploads\/2018\/08\/linea-sottotitolo-gianluca-gentile.png&#8221; width=&#8221;&#8221; height=&#8221;&#8221; align=&#8221;&#8221; stretch=&#8221;0&#8243; border=&#8221;0&#8243; margin_top=&#8221;&#8221; margin_bottom=&#8221;20&#8243; link_image=&#8221;&#8221; link=&#8221;&#8221; target=&#8221;&#8221; hover=&#8221;&#8221; alt=&#8221;&#8221; caption=&#8221;&#8221; greyscale=&#8221;&#8221; animate=&#8221;&#8221;]<\/p>\n<p>Non importa di che colora tu voglia il sito o quale siano le tue icone preferite, su ogni elemento \u00e8 possibile apporte fino a 750 conbinazioni diverse per creare layout sempre differenti. Dai spazio alla tua immaginazione!<\/p>\n<p>center<\/p>\n<p>no-repeat;center top;;<\/p>\n<p>auto<\/p>\n<p>0px<\/p>\n<p><img decoding=\"async\" src=\"https:\/\/gianlucagentile.com\/wp-content\/uploads\/2018\/08\/Design-creato-su-misura.webp\" alt=\"Design creato su misura\" \/><\/p>\n<p>center<\/p>\n<p>fadeInLeft<\/p>\n<p>[image src=&#8221;https:\/\/gianlucagentile.com\/wp-content\/uploads\/2018\/08\/Design-creato-per-magia-Giallo.png&#8221; width=&#8221;&#8221; height=&#8221;&#8221; align=&#8221;&#8221; stretch=&#8221;0&#8243; border=&#8221;0&#8243; margin_top=&#8221;&#8221; margin_bottom=&#8221;20&#8243; link_image=&#8221;&#8221; link=&#8221;&#8221; target=&#8221;&#8221; hover=&#8221;&#8221; alt=&#8221;&#8221; caption=&#8221;&#8221; greyscale=&#8221;&#8221; animate=&#8221;&#8221;]<\/p>\n<h3>Gestione Semplificata delle Pagine<\/h3>\n<p>[image src=&#8221;https:\/\/gianlucagentile.com\/wp-content\/uploads\/2018\/08\/linea-sottotitolo-gianluca-gentile.png&#8221; width=&#8221;&#8221; height=&#8221;&#8221; align=&#8221;&#8221; stretch=&#8221;0&#8243; border=&#8221;0&#8243; margin_top=&#8221;&#8221; margin_bottom=&#8221;20&#8243; link_image=&#8221;&#8221; link=&#8221;&#8221; target=&#8221;&#8221; hover=&#8221;&#8221; alt=&#8221;&#8221; caption=&#8221;&#8221; greyscale=&#8221;&#8221; animate=&#8221;&#8221;]<\/p>\n<p>Lo studio del design del servizio di realizzazione siti web dinamici consente di creare un sito web su misura, come un sarto cuce il vestito del proprio cliente, io posso realizzare il sito web su misura del tuo progetto, e il tutto avviene come una magia&#8230;<\/p>\n<p>center<\/p>\n<p>no-repeat;center top;;<\/p>\n<p>auto<\/p>\n<p>20% 0px 10% 0px<\/p>\n<p><img decoding=\"async\" src=\"https:\/\/gianlucagentile.com\/wp-content\/uploads\/2018\/08\/Design-creato-su-misura.webp\" alt=\"Design creato su misura\" \/><\/p>\n<p>center<\/p>\n<p>fadeInLeft<\/p>\n<p>[image src=&#8221;https:\/\/gianlucagentile.com\/wp-content\/uploads\/2018\/08\/Design-creato-per-magia-Giallo.png&#8221; width=&#8221;&#8221; height=&#8221;&#8221; align=&#8221;&#8221; stretch=&#8221;0&#8243; border=&#8221;0&#8243; margin_top=&#8221;&#8221; margin_bottom=&#8221;20&#8243; link_image=&#8221;&#8221; link=&#8221;&#8221; target=&#8221;&#8221; hover=&#8221;&#8221; alt=&#8221;&#8221; caption=&#8221;&#8221; greyscale=&#8221;&#8221; animate=&#8221;&#8221;]<\/p>\n<h3>Gestione Semplificata delle Pagine<\/h3>\n<p>[image src=&#8221;https:\/\/gianlucagentile.com\/wp-content\/uploads\/2018\/08\/linea-sottotitolo-gianluca-gentile.png&#8221; width=&#8221;&#8221; height=&#8221;&#8221; align=&#8221;&#8221; stretch=&#8221;0&#8243; border=&#8221;0&#8243; margin_top=&#8221;&#8221; margin_bottom=&#8221;20&#8243; link_image=&#8221;&#8221; link=&#8221;&#8221; target=&#8221;&#8221; hover=&#8221;&#8221; alt=&#8221;&#8221; caption=&#8221;&#8221; greyscale=&#8221;&#8221; animate=&#8221;&#8221;]<\/p>\n<p>Lo studio del design del servizio di realizzazione siti web dinamici consente di creare un sito web su misura, come un sarto cuce il vestito del proprio cliente, io posso realizzare il sito web su misura del tuo progetto, e il tutto avviene come una magia&#8230;<\/p>\n<p>center<\/p>\n<p>no-repeat;center top;;<\/p>\n<p>auto<\/p>\n<p>0px<\/p>\n<p>Cosa dicono di me su Facebook<\/p>\n<h2>Cosa dicono di me su Facebook<\/h2>\n<p>[image src=&#8221;https:\/\/gianlucagentile.com\/wp-content\/uploads\/2018\/08\/linea-sottotitolo-gianluca-gentile.png&#8221; width=&#8221;&#8221; height=&#8221;&#8221; align=&#8221;&#8221; stretch=&#8221;0&#8243; border=&#8221;0&#8243; margin_top=&#8221;&#8221; margin_bottom=&#8221;15&#8243; link_image=&#8221;&#8221; link=&#8221;&#8221; target=&#8221;&#8221; hover=&#8221;&#8221; alt=&#8221;&#8221; caption=&#8221;&#8221; greyscale=&#8221;&#8221; animate=&#8221;&#8221;]<\/p>\n<p>center<\/p>\n<p>no-repeat;center top;;<\/p>\n<p>auto<\/p>\n<p>0px<\/p>\n<p>Recensioni Facebook<\/p>\n<p>[facebook-reviews-pro page_name=&#8221;Gianluca Gentile&#8221; page_id=1781356155492647 page_access_token=EAAVVPjFKgSEBAHAUT7Xm5D3jzADPuXAiOwcmNm7IdFbeB4j2gbFiluIGGZBBRThL13UIyLhAmfVCkqAwAN2bZCsAORZBS7SxWHmwMRabyFtfegA7HGmcd6ERQmRU9G2CBUZCxmxOCbsXRlceOoonxMpC6nTZACWyVkZBWVMZAunJwZDZD rating_snippet=true view_mode=slider open_link=true nofollow_link=true cache=24]<\/p>\n<p>no-repeat;left top;;<\/p>\n<p>auto<\/p>\n<p>Pulsante in basso a destra<\/p>\n<p>[google-reviews-pro place_photo=https:\/\/lh3.googleusercontent.com\/p\/AF1QipNUdmqdDhdB_lllpvwlahGbS03-lwJAljZZJDTP=s1600-w300-h300 place_name=&#8221;Gianluca Gentile&#8221; place_id=ChIJM7WfeyhuLxMRKj7pqH-aaNc auto_load=true rating_snippet=true write_review=true view_mode=badge open_link=true nofollow_link=true lazy_load_img=true]<\/p>\n<p>no-repeat;left top;;<\/p>\n<p>auto<\/p>\n<h2>Caratteristiche del servizio di realizzazione siti web dinamici<\/h2>\n<p>[image src=&#8221;https:\/\/gianlucagentile.com\/wp-content\/uploads\/2018\/08\/linea-sottotitolo-gianluca-gentile.png&#8221; width=&#8221;&#8221; height=&#8221;&#8221; align=&#8221;&#8221; stretch=&#8221;0&#8243; border=&#8221;0&#8243; margin_top=&#8221;&#8221; margin_bottom=&#8221;15&#8243; link_image=&#8221;&#8221; link=&#8221;&#8221; target=&#8221;&#8221; hover=&#8221;&#8221; alt=&#8221;&#8221; caption=&#8221;&#8221; greyscale=&#8221;&#8221; animate=&#8221;&#8221;]<\/p>\n<p>center<\/p>\n<p>no-repeat;center top;;<\/p>\n<p>auto<\/p>\n<p>0px<\/p>\n<p><img decoding=\"async\" src=\"https:\/\/gianlucagentile.com\/wp-content\/uploads\/2018\/08\/Grafica-personalizzabile.webp\" alt=\"Grafica personalizzabile\" \/><\/p>\n<p>center<\/p>\n<p>Immagini &amp; Gallerie<\/p>\n<h3>Immagini &amp; Gallerie<\/h3>\n<p>Carica le foto sul tuo sito web in 2 clic, non hai bisogno di foto ottimizzate perch\u00e9 sar\u00e0 il sito web a farlo per te.<\/p>\n<p>center<\/p>\n<p>no-repeat;center top;;<\/p>\n<p>auto<\/p>\n<p>5px<\/p>\n<p><img decoding=\"async\" src=\"https:\/\/gianlucagentile.com\/wp-content\/uploads\/2018\/08\/Aggiornamenti.webp\" alt=\"Aggiornamenti\" \/><\/p>\n<p>center<\/p>\n<p>Aggiornamenti Automatici<\/p>\n<h3>Aggiornamenti Automatici<\/h3>\n<p>Offro a tutti i miei clienti la gestione remota del sito web GRATUITA e a VITA! Aggiornamenti di plugin, template e pulizia cache &amp; spam gratis per sempre.<\/p>\n<p>center<\/p>\n<p>no-repeat;center top;;<\/p>\n<p>auto<\/p>\n<p>5px<\/p>\n<p><img decoding=\"async\" src=\"https:\/\/gianlucagentile.com\/wp-content\/uploads\/2018\/08\/Plugin-Wordpress.png\" alt=\"Plugin WordPress\" \/><\/p>\n<p>center<\/p>\n<p>Plugin &amp; Moduli<\/p>\n<h3>Plugin &amp; Moduli<\/h3>\n<p>Il tuo non sar\u00e0 un &#8220;Sito Vetrina&#8221; ma un vero e proprio software online da utilizzare per gestire la comunicazione della tua azienda.<\/p>\n<p>center<\/p>\n<p>no-repeat;center top;;<\/p>\n<p>auto<\/p>\n<p>5px<\/p>\n<p><img decoding=\"async\" src=\"https:\/\/gianlucagentile.com\/wp-content\/uploads\/2018\/08\/woo-art-tiny-300x200.webp\" alt=\"woo-art-tiny-300x200\" \/><\/p>\n<p>center<\/p>\n<p>E-Commerce<\/p>\n<h3>E-Commerce<\/h3>\n<p>Sono disponibili oltre 30 combinazioni di personalizzazione per il tuo E-commerce, crea il tuo catalogo online e inizia a vendere in poco tempo.<\/p>\n<p>center<\/p>\n<p>no-repeat;center top;;<\/p>\n<p>auto<\/p>\n<p>5px<\/p>\n<p><img decoding=\"async\" src=\"https:\/\/gianlucagentile.com\/wp-content\/uploads\/2018\/08\/Supporto.webp\" alt=\"Supporto\" \/><\/p>\n<p>center<\/p>\n<p>Assistenza Dedicata<\/p>\n<h3>Assistenza Dedicata<\/h3>\n<p>Offro assistenza tecnica e commerciale tramite WhatsApp Business o Ticket apribili inviando un email a support@gianlucagentile.com<\/p>\n<p>center<\/p>\n<p>no-repeat;center top;;<\/p>\n<p>auto<\/p>\n<p>5px<\/p>\n<p><img decoding=\"async\" src=\"https:\/\/gianlucagentile.com\/wp-content\/uploads\/2018\/08\/Multilingua.webp\" alt=\"Multilingua\" \/><\/p>\n<p>center<\/p>\n<p>Multilingua<\/p>\n<h3>How are you?<\/h3>\n<p>La globalizzazione in questi anni ha portato enormi cambiamenti alla nostra societ\u00e0, \u00e8 ora di pensare a livello globale. Crea il tuo sito in pi\u00f9 lingue!<\/p>\n<p>center<\/p>\n<p>no-repeat;center top;;<\/p>\n<p>auto<\/p>\n<p>5px<\/p>\n<p>Portfolio<\/p>\n<h2>Guarda alcuni miei lavori<\/h2>\n<p>[image src=&#8221;https:\/\/gianlucagentile.com\/wp-content\/uploads\/2018\/08\/linea-sottotitolo-gianluca-gentile.png&#8221; width=&#8221;&#8221; height=&#8221;&#8221; align=&#8221;&#8221; stretch=&#8221;0&#8243; border=&#8221;0&#8243; margin_top=&#8221;&#8221; margin_bottom=&#8221;15&#8243; link_image=&#8221;&#8221; link=&#8221;&#8221; target=&#8221;&#8221; hover=&#8221;&#8221; alt=&#8221;&#8221; caption=&#8221;&#8221; greyscale=&#8221;&#8221; animate=&#8221;&#8221;]<\/p>\n<p>center<\/p>\n<p>no-repeat;center top;;<\/p>\n<p>auto<\/p>\n<p>0px<\/p>\n<p>6<\/p>\n<p>siti-web<\/p>\n<p>rand<\/p>\n<p>DESC<\/p>\n<p>always<\/p>\n<p>large<\/p>\n<p>page<\/p>\n<p>Preventivo<\/p>\n<h2>Hai bisogno di un preventivo?<\/h2>\n<p>[image src=&#8221;https:\/\/gianlucagentile.com\/wp-content\/uploads\/2018\/08\/linea-sottotitolo-gianluca-gentile.png&#8221; width=&#8221;&#8221; height=&#8221;&#8221; align=&#8221;&#8221; stretch=&#8221;0&#8243; border=&#8221;0&#8243; margin_top=&#8221;&#8221; margin_bottom=&#8221;15&#8243; link_image=&#8221;&#8221; link=&#8221;&#8221; target=&#8221;&#8221; hover=&#8221;&#8221; alt=&#8221;&#8221; caption=&#8221;&#8221; greyscale=&#8221;&#8221; animate=&#8221;&#8221;]<\/p>\n<p>Realizza il preventivo per il tuo progetto autonomamente, grazie al mio sistema di preventivi online.<\/p>\n<p>center<\/p>\n<p>no-repeat;center top;;<\/p>\n<p>auto<\/p>\n<p>0px<\/p>\n<p>Preventivo<\/p>\n<p><a href=\"https:\/\/gianlucagentile.com\/preventivi\/\">https:\/\/gianlucagentile.com\/preventivi\/<\/a><\/p>\n<p>center<\/p>\n<p>icon-globe<\/p>\n<p>left<\/p>\n<p>2<\/p>\n","protected":false},"excerpt":{"rendered":"<p>no-repeat;left top;; auto Realizzazione Siti Web Dinamici Realizzazione Siti Web Dinamici [divider height=&#8221;5&#8243;] [image src=&#8221;https:\/\/gianlucagentile.com\/wp-content\/uploads\/2018\/08\/linea-sottotitolo-gianluca-gentile.png&#8221; width=&#8221;&#8221; height=&#8221;&#8221; align=&#8221;&#8221; stretch=&#8221;0&#8243; border=&#8221;0&#8243; margin_top=&#8221;&#8221; margin_bottom=&#8221;15&#8243; link_image=&#8221;&#8221; link=&#8221;&#8221; target=&#8221;&#8221;&#8230;<\/p>\n","protected":false},"author":1,"featured_media":0,"parent":0,"menu_order":0,"comment_status":"closed","ping_status":"closed","template":"","meta":{"_seopress_robots_primary_cat":"","_seopress_titles_title":"%%post_title%% %%sep%% %%sitetitle%%","_seopress_titles_desc":"Realizzazione Siti Web Professionali: Creiamo siti web su misura per il tuo successo online.","_seopress_robots_index":"","footnotes":""},"class_list":["post-11166","page","type-page","status-publish"],"_links":{"self":[{"href":"https:\/\/gianlucagentile.com\/blog\/wp-json\/wp\/v2\/pages\/11166","targetHints":{"allow":["GET"]}}],"collection":[{"href":"https:\/\/gianlucagentile.com\/blog\/wp-json\/wp\/v2\/pages"}],"about":[{"href":"https:\/\/gianlucagentile.com\/blog\/wp-json\/wp\/v2\/types\/page"}],"author":[{"embeddable":true,"href":"https:\/\/gianlucagentile.com\/blog\/wp-json\/wp\/v2\/users\/1"}],"replies":[{"embeddable":true,"href":"https:\/\/gianlucagentile.com\/blog\/wp-json\/wp\/v2\/comments?post=11166"}],"version-history":[{"count":0,"href":"https:\/\/gianlucagentile.com\/blog\/wp-json\/wp\/v2\/pages\/11166\/revisions"}],"wp:attachment":[{"href":"https:\/\/gianlucagentile.com\/blog\/wp-json\/wp\/v2\/media?parent=11166"}],"curies":[{"name":"wp","href":"https:\/\/api.w.org\/{rel}","templated":true}]}}