{"id":11937,"date":"2018-10-01T08:28:49","date_gmt":"2018-10-01T06:28:49","guid":{"rendered":"https:\/\/gianlucagentile.com\/?page_id=11937"},"modified":"2024-12-28T06:25:54","modified_gmt":"2024-12-28T05:25:54","slug":"consulenza-marketing-venezia","status":"publish","type":"page","link":"https:\/\/gianlucagentile.com\/blog\/consulenza-marketing-venezia\/","title":{"rendered":"Consulenza Marketing Venezia"},"content":{"rendered":"<p>no-repeat;left top;;<\/p>\n<p>auto<\/p>\n<p>Consulenza Marketing Venezia<\/p>\n<p>&nbsp;<\/p>\n<h1 style=\"color: #fff\"><b><i>Consulenza Marketing Venezia<\/i><\/b><\/h1>\n<p>[divider height=&#8221;5&#8243;]<br \/>\n[image src=&#8221;https:\/\/gianlucagentile.com\/wp-content\/uploads\/2018\/08\/linea-sottotitolo-gianluca-gentile.png&#8221; width=&#8221;&#8221; height=&#8221;&#8221; align=&#8221;&#8221; stretch=&#8221;0&#8243; border=&#8221;0&#8243; margin_top=&#8221;&#8221; margin_bottom=&#8221;15&#8243; link_image=&#8221;&#8221; link=&#8221;&#8221; target=&#8221;&#8221; hover=&#8221;&#8221; alt=&#8221;&#8221; caption=&#8221;&#8221; greyscale=&#8221;&#8221; animate=&#8221;&#8221;]<\/p>\n<h2 style=\"color: #fff\">Una buona strategia di Marketing pu\u00f2 migliorare l&#8217;immagine e il fatturato della propria attivit\u00e0, pianificare una comunicazione completa e costante e soprattutto efficace per la vendita di servizi o prodotti \u00e8 la soluzione ideale per la tua Azienda.<\/h2>\n<p>justify<\/p>\n<p>no-repeat;center top;;<\/p>\n<p>auto<\/p>\n<p>no-repeat;left top;;<\/p>\n<p>auto<\/p>\n<p>no-repeat;left top;;<\/p>\n<p>auto<\/p>\n<p>Consulenza Marketing Venezia<\/p>\n<h1 style=\"color: #fff\"><b><i>Consulenza Marketing Venezia<\/i><\/b><\/h1>\n<p>[divider height=&#8221;5&#8243;]<br \/>\n[image src=&#8221;https:\/\/gianlucagentile.com\/wp-content\/uploads\/2018\/08\/linea-sottotitolo-gianluca-gentile.png&#8221; width=&#8221;&#8221; height=&#8221;&#8221; align=&#8221;&#8221; stretch=&#8221;0&#8243; border=&#8221;0&#8243; margin_top=&#8221;&#8221; margin_bottom=&#8221;15&#8243; link_image=&#8221;&#8221; link=&#8221;&#8221; target=&#8221;&#8221; hover=&#8221;&#8221; alt=&#8221;&#8221; caption=&#8221;&#8221; greyscale=&#8221;&#8221; animate=&#8221;&#8221;]<\/p>\n<h2 style=\"color: #fff\">Una buona strategia di Marketing pu\u00f2 migliorare l&#8217;immagine e il fatturato della propria attivit\u00e0, pianificare una comunicazione completa e costante e soprattutto efficace per la vendita di servizi o prodotti \u00e8 la soluzione ideale per la tua Azienda.<\/h2>\n<p>center<\/p>\n<p>no-repeat;center top;;<\/p>\n<p>auto<\/p>\n<p>no-repeat;left top;;<\/p>\n<p>auto<\/p>\n<p><img decoding=\"async\" src=\"https:\/\/gianlucagentile.com\/wp-content\/uploads\/2018\/09\/Business-Plan-Gianluca-Gentile-senza-pallini-2.webp\" alt=\"Business Plan Gianluca Gentile senza pallini 2\" \/><\/p>\n<p>500<\/p>\n<p>center<\/p>\n<p>35<\/p>\n<p>fadeInLeft<\/p>\n<p>Business Plan<\/p>\n<p>[image src=&#8221;https:\/\/gianlucagentile.com\/wp-content\/uploads\/2018\/09\/Integrazione-con-i-portali-pi\u00f9-famosi.png&#8221; width=&#8221;&#8221; height=&#8221;&#8221; align=&#8221;center&#8221; stretch=&#8221;0&#8243; border=&#8221;0&#8243; margin_top=&#8221;&#8221; margin_bottom=&#8221;20&#8243; link_image=&#8221;&#8221; link=&#8221;&#8221; target=&#8221;&#8221; hover=&#8221;&#8221; alt=&#8221;&#8221; caption=&#8221;&#8221; greyscale=&#8221;&#8221; animate=&#8221;&#8221;]<\/p>\n<h3><b>Business Plan<\/b><\/h3>\n<p>[image src=&#8221;https:\/\/gianlucagentile.com\/wp-content\/uploads\/2018\/08\/linea-sottotitolo-gianluca-gentile.png&#8221; width=&#8221;&#8221; height=&#8221;&#8221; align=&#8221;&#8221; stretch=&#8221;0&#8243; border=&#8221;0&#8243; margin_top=&#8221;&#8221; margin_bottom=&#8221;20&#8243; link_image=&#8221;&#8221; link=&#8221;&#8221; target=&#8221;&#8221; hover=&#8221;&#8221; alt=&#8221;&#8221; caption=&#8221;&#8221; greyscale=&#8221;&#8221; animate=&#8221;&#8221;]<\/p>\n<p>Se vuoi sviluppatore o aggiornare un progetto di business potrai richiedere nella consulenza marketing Venezia anche lo sviluppo di un Business Plan, questo tipo di approccio consente di avere il quadro completo spiegato e scritto in ogni minimo dettaglio per azzerare il rischio d&#8217;impresa.<\/p>\n<p>justify<\/p>\n<p>center<\/p>\n<p>no-repeat;center top;;<\/p>\n<p>auto<\/p>\n<p>20% 0px 10% 0px<\/p>\n<p><img decoding=\"async\" src=\"https:\/\/gianlucagentile.com\/wp-content\/uploads\/2018\/09\/Business-Plan-Gianluca-Gentile-senza-pallini-2.webp\" alt=\"Business Plan Gianluca Gentile senza pallini 2\" \/><\/p>\n<p>500<\/p>\n<p>center<\/p>\n<p>60<\/p>\n<p>fadeInLeft<\/p>\n<p>Business Plan<\/p>\n<p>[image src=&#8221;https:\/\/gianlucagentile.com\/wp-content\/uploads\/2018\/09\/Integrazione-con-i-portali-pi\u00f9-famosi.png&#8221; width=&#8221;&#8221; height=&#8221;&#8221; align=&#8221;center&#8221; stretch=&#8221;0&#8243; border=&#8221;0&#8243; margin_top=&#8221;&#8221; margin_bottom=&#8221;20&#8243; link_image=&#8221;&#8221; link=&#8221;&#8221; target=&#8221;&#8221; hover=&#8221;&#8221; alt=&#8221;&#8221; caption=&#8221;&#8221; greyscale=&#8221;&#8221; animate=&#8221;&#8221;]<\/p>\n<h3><b>Business Plan<\/b><\/h3>\n<p>[image src=&#8221;https:\/\/gianlucagentile.com\/wp-content\/uploads\/2018\/08\/linea-sottotitolo-gianluca-gentile.png&#8221; width=&#8221;&#8221; height=&#8221;&#8221; align=&#8221;&#8221; stretch=&#8221;0&#8243; border=&#8221;0&#8243; margin_top=&#8221;&#8221; margin_bottom=&#8221;20&#8243; link_image=&#8221;&#8221; link=&#8221;&#8221; target=&#8221;&#8221; hover=&#8221;&#8221; alt=&#8221;&#8221; caption=&#8221;&#8221; greyscale=&#8221;&#8221; animate=&#8221;&#8221;]<\/p>\n<p>Se vuoi sviluppatore o aggiornare un progetto di business potrai richiedere nella consulenza marketing Venezia anche lo sviluppo di un Business Plan, questo tipo di approccio consente di avere il quadro completo spiegato e scritto in ogni minimo dettaglio per azzerare il rischio d&#8217;impresa.<\/p>\n<p>center<\/p>\n<p>center<\/p>\n<p>no-repeat;center top;;<\/p>\n<p>auto<\/p>\n<p>20% 0px 10% 0px<\/p>\n<p>Studio di settore<\/p>\n<p>[image src=&#8221;https:\/\/gianlucagentile.com\/wp-content\/uploads\/2018\/09\/Studio-di-settore.png&#8221; width=&#8221;&#8221; height=&#8221;&#8221; align=&#8221;&#8221; stretch=&#8221;0&#8243; border=&#8221;0&#8243; margin_top=&#8221;&#8221; margin_bottom=&#8221;20&#8243; link_image=&#8221;&#8221; link=&#8221;&#8221; target=&#8221;&#8221; hover=&#8221;&#8221; alt=&#8221;&#8221; caption=&#8221;&#8221; greyscale=&#8221;&#8221; animate=&#8221;&#8221;]<\/p>\n<h3><b>Studio di settore<\/b><\/h3>\n<p>[image src=&#8221;https:\/\/gianlucagentile.com\/wp-content\/uploads\/2018\/08\/linea-sottotitolo-gianluca-gentile.png&#8221; width=&#8221;&#8221; height=&#8221;&#8221; align=&#8221;&#8221; stretch=&#8221;0&#8243; border=&#8221;0&#8243; margin_top=&#8221;&#8221; margin_bottom=&#8221;20&#8243; link_image=&#8221;&#8221; link=&#8221;&#8221; target=&#8221;&#8221; hover=&#8221;&#8221; alt=&#8221;&#8221; caption=&#8221;&#8221; greyscale=&#8221;&#8221; animate=&#8221;&#8221;]<\/p>\n<p>Lo studio di settore \u00e8 un servizio che consente di sapere quali sono i propri competitori, come si stanno muovendo e come propongono i loro prodotti o servizi ai loro clienti, questo studio consente di avere una panoramica completa per migliorare l&#8217;efficacia dell&#8217;investimento che si vuole affrontare.<\/p>\n<p>justify<\/p>\n<p>no-repeat;center top;;<\/p>\n<p>auto<\/p>\n<p>20% 0px 10% 0px<\/p>\n<p><img decoding=\"async\" src=\"https:\/\/gianlucagentile.com\/wp-content\/uploads\/2018\/09\/Strategia-di-Marketing-Gianluca-Gentile-senza-pallini-2.webp\" alt=\"Strategia di Marketing Gianluca Gentile senza pallini 2\" \/><\/p>\n<p>500<\/p>\n<p>center<\/p>\n<p>65<\/p>\n<p>fadeInRight<\/p>\n<p><img decoding=\"async\" src=\"https:\/\/gianlucagentile.com\/wp-content\/uploads\/2018\/09\/Strategia-di-Marketing-Gianluca-Gentile-senza-pallini-2.webp\" alt=\"Strategia di Marketing Gianluca Gentile senza pallini 2\" \/><\/p>\n<p>500<\/p>\n<p>center<\/p>\n<p>65<\/p>\n<p>fadeInRight<\/p>\n<p>Studio di settore<\/p>\n<p>[image src=&#8221;https:\/\/gianlucagentile.com\/wp-content\/uploads\/2018\/09\/Studio-di-settore.png&#8221; width=&#8221;&#8221; height=&#8221;&#8221; align=&#8221;&#8221; stretch=&#8221;0&#8243; border=&#8221;0&#8243; margin_top=&#8221;&#8221; margin_bottom=&#8221;20&#8243; link_image=&#8221;&#8221; link=&#8221;&#8221; target=&#8221;&#8221; hover=&#8221;&#8221; alt=&#8221;&#8221; caption=&#8221;&#8221; greyscale=&#8221;&#8221; animate=&#8221;&#8221;]<\/p>\n<h3><b>Studio di settore<\/b><\/h3>\n<p>[image src=&#8221;https:\/\/gianlucagentile.com\/wp-content\/uploads\/2018\/08\/linea-sottotitolo-gianluca-gentile.png&#8221; width=&#8221;&#8221; height=&#8221;&#8221; align=&#8221;&#8221; stretch=&#8221;0&#8243; border=&#8221;0&#8243; margin_top=&#8221;&#8221; margin_bottom=&#8221;20&#8243; link_image=&#8221;&#8221; link=&#8221;&#8221; target=&#8221;&#8221; hover=&#8221;&#8221; alt=&#8221;&#8221; caption=&#8221;&#8221; greyscale=&#8221;&#8221; animate=&#8221;&#8221;]<\/p>\n<p>Lo studio di settore \u00e8 un servizio che consente di sapere quali sono i propri competitori, come si stanno muovendo e come propongono i loro prodotti o servizi ai loro clienti, questo studio consente di avere una panoramica completa per migliorare l&#8217;efficacia dell&#8217;investimento che si vuole affrontare.<\/p>\n<p>center<\/p>\n<p>center<\/p>\n<p>no-repeat;center top;;<\/p>\n<p>auto<\/p>\n<p>20% 0px 10% 0px<\/p>\n<p><img decoding=\"async\" src=\"https:\/\/gianlucagentile.com\/wp-content\/uploads\/2018\/09\/Strategia-di-Marketing-Gianluca-Gentile.webp\" alt=\"Strategia di Marketing Gianluca Gentile\" \/><\/p>\n<p>500<\/p>\n<p>center<\/p>\n<p>100<\/p>\n<p>fadeInLeft<\/p>\n<p>Strategia di Marketing<\/p>\n<p>[image src=&#8221;https:\/\/gianlucagentile.com\/wp-content\/uploads\/2018\/09\/Strategia-di-Marketing.png&#8221; width=&#8221;&#8221; height=&#8221;&#8221; align=&#8221;&#8221; stretch=&#8221;0&#8243; border=&#8221;0&#8243; margin_top=&#8221;&#8221; margin_bottom=&#8221;20&#8243; link_image=&#8221;&#8221; link=&#8221;&#8221; target=&#8221;&#8221; hover=&#8221;&#8221; alt=&#8221;&#8221; caption=&#8221;&#8221; greyscale=&#8221;&#8221; animate=&#8221;&#8221;]<\/p>\n<h3><b>Strategia di Marketing Venezia<\/b><\/h3>\n<p>[image src=&#8221;https:\/\/gianlucagentile.com\/wp-content\/uploads\/2018\/08\/linea-sottotitolo-gianluca-gentile.png&#8221; width=&#8221;&#8221; height=&#8221;&#8221; align=&#8221;&#8221; stretch=&#8221;0&#8243; border=&#8221;0&#8243; margin_top=&#8221;&#8221; margin_bottom=&#8221;20&#8243; link_image=&#8221;&#8221; link=&#8221;&#8221; target=&#8221;&#8221; hover=&#8221;&#8221; alt=&#8221;&#8221; caption=&#8221;&#8221; greyscale=&#8221;&#8221; animate=&#8221;&#8221;]<\/p>\n<p>Una consulenza coostante su come, quando e dove investire \u00e8 un servizio fondamentale per la tua attivit\u00e0. Grazie ai nuovi sistemi \u00e8 possibile utilizzare pi\u00f9 di 50 strumenti di Marketing per promuovere la tua attivit\u00e0, prodotto o servizio ma non tutti possono essere adeguati per te. Avere una consulenza strategica \u00e8 importante per migliorare il ROI sul proprio investimento e trovare lo giusto percorso per la tua attivit\u00e0.<\/p>\n<p>justify<\/p>\n<p>no-repeat;center top;;<\/p>\n<p>auto<\/p>\n<p>20% 0px 10% 0px<\/p>\n<p><img decoding=\"async\" src=\"https:\/\/gianlucagentile.com\/wp-content\/uploads\/2018\/09\/Strategia-di-Marketing-Gianluca-Gentile.webp\" alt=\"Strategia di Marketing Gianluca Gentile\" \/><\/p>\n<p>500<\/p>\n<p>center<\/p>\n<p>100<\/p>\n<p>fadeInRight<\/p>\n<p>Strategia di Marketing Venezia<\/p>\n<p>[image src=&#8221;https:\/\/gianlucagentile.com\/wp-content\/uploads\/2018\/09\/Strategia-di-Marketing.png&#8221; width=&#8221;&#8221; height=&#8221;&#8221; align=&#8221;&#8221; stretch=&#8221;0&#8243; border=&#8221;0&#8243; margin_top=&#8221;&#8221; margin_bottom=&#8221;20&#8243; link_image=&#8221;&#8221; link=&#8221;&#8221; target=&#8221;&#8221; hover=&#8221;&#8221; alt=&#8221;&#8221; caption=&#8221;&#8221; greyscale=&#8221;&#8221; animate=&#8221;&#8221;]<\/p>\n<h3><b>Strategia di Marketing Venezia<\/b><\/h3>\n<p>[image src=&#8221;https:\/\/gianlucagentile.com\/wp-content\/uploads\/2018\/08\/linea-sottotitolo-gianluca-gentile.png&#8221; width=&#8221;&#8221; height=&#8221;&#8221; align=&#8221;&#8221; stretch=&#8221;0&#8243; border=&#8221;0&#8243; margin_top=&#8221;&#8221; margin_bottom=&#8221;20&#8243; link_image=&#8221;&#8221; link=&#8221;&#8221; target=&#8221;&#8221; hover=&#8221;&#8221; alt=&#8221;&#8221; caption=&#8221;&#8221; greyscale=&#8221;&#8221; animate=&#8221;&#8221;]<\/p>\n<p>Una consulenza coostante su come, quando e dove investire \u00e8 un servizio fondamentale per la tua attivit\u00e0. Grazie ai nuovi sistemi \u00e8 possibile utilizzare pi\u00f9 di 50 strumenti di Marketing per promuovere la tua attivit\u00e0, prodotto o servizio ma non tutti possono essere adeguati per te. Avere una consulenza strategica \u00e8 importante per migliorare il ROI sul proprio investimento e trovare lo giusto percorso per la tua attivit\u00e0.<\/p>\n<p>center<\/p>\n<p>center<\/p>\n<p>no-repeat;center top;;<\/p>\n<p>auto<\/p>\n<p>20% 0px 10% 0px<\/p>\n<p>Consulenza sul posto<\/p>\n<p>[image src=&#8221;https:\/\/gianlucagentile.com\/wp-content\/uploads\/2018\/09\/Consulenza-sul-posto.png&#8221; width=&#8221;&#8221; height=&#8221;&#8221; align=&#8221;&#8221; stretch=&#8221;0&#8243; border=&#8221;0&#8243; margin_top=&#8221;&#8221; margin_bottom=&#8221;20&#8243; link_image=&#8221;&#8221; link=&#8221;&#8221; target=&#8221;&#8221; hover=&#8221;&#8221; alt=&#8221;&#8221; caption=&#8221;&#8221; greyscale=&#8221;&#8221; animate=&#8221;&#8221;]<\/p>\n<h3><b>Consulenza sul posto<\/b><\/h3>\n<p>[image src=&#8221;https:\/\/gianlucagentile.com\/wp-content\/uploads\/2018\/08\/linea-sottotitolo-gianluca-gentile.png&#8221; width=&#8221;&#8221; height=&#8221;&#8221; align=&#8221;&#8221; stretch=&#8221;0&#8243; border=&#8221;0&#8243; margin_top=&#8221;&#8221; margin_bottom=&#8221;20&#8243; link_image=&#8221;&#8221; link=&#8221;&#8221; target=&#8221;&#8221; hover=&#8221;&#8221; alt=&#8221;&#8221; caption=&#8221;&#8221; greyscale=&#8221;&#8221; animate=&#8221;&#8221;]<\/p>\n<p>Per fare Marketing non serve avere per forza un&#8217;attivit\u00e0 online, molte aziende possono migliorare il proprio fatturato con una buona strategia sul territorio. In molti casi una consulenza sul posto \u00e8 la migliore soluzione per avere un esperto sul posto che possa consigliarti come muoverti e come migliorare l&#8217;immagine e il fatturato della tua attivit\u00e0.<\/p>\n<p>justify<\/p>\n<p>no-repeat;center top;;<\/p>\n<p>auto<\/p>\n<p>20% 0px 10% 0px<\/p>\n<p><img decoding=\"async\" src=\"https:\/\/gianlucagentile.com\/wp-content\/uploads\/2018\/09\/Consulenza-sul-Posto-Gianluca-Gentile.webp\" alt=\"Consulenza sul posto Gianluca Gentile\" \/><\/p>\n<p>500<\/p>\n<p>center<\/p>\n<p>60<\/p>\n<p>fadeInRight<\/p>\n<p><img decoding=\"async\" src=\"https:\/\/gianlucagentile.com\/wp-content\/uploads\/2018\/09\/Consulenza-sul-Posto-Gianluca-Gentile.webp\" alt=\"Consulenza sul posto Gianluca Gentile\" \/><\/p>\n<p>500<\/p>\n<p>center<\/p>\n<p>60<\/p>\n<p>fadeInLeft<\/p>\n<p>Consulenza sul posto<\/p>\n<p>[image src=&#8221;https:\/\/gianlucagentile.com\/wp-content\/uploads\/2018\/09\/Consulenza-sul-posto.png&#8221; width=&#8221;&#8221; height=&#8221;&#8221; align=&#8221;&#8221; stretch=&#8221;0&#8243; border=&#8221;0&#8243; margin_top=&#8221;&#8221; margin_bottom=&#8221;20&#8243; link_image=&#8221;&#8221; link=&#8221;&#8221; target=&#8221;&#8221; hover=&#8221;&#8221; alt=&#8221;&#8221; caption=&#8221;&#8221; greyscale=&#8221;&#8221; animate=&#8221;&#8221;]<\/p>\n<h3><b>Consulenza sul posto<\/b><\/h3>\n<p>[image src=&#8221;https:\/\/gianlucagentile.com\/wp-content\/uploads\/2018\/08\/linea-sottotitolo-gianluca-gentile.png&#8221; width=&#8221;&#8221; height=&#8221;&#8221; align=&#8221;&#8221; stretch=&#8221;0&#8243; border=&#8221;0&#8243; margin_top=&#8221;&#8221; margin_bottom=&#8221;20&#8243; link_image=&#8221;&#8221; link=&#8221;&#8221; target=&#8221;&#8221; hover=&#8221;&#8221; alt=&#8221;&#8221; caption=&#8221;&#8221; greyscale=&#8221;&#8221; animate=&#8221;&#8221;]<\/p>\n<p>Per fare Marketing non serve avere per forza un&#8217;attivit\u00e0 online, molte aziende possono migliorare il proprio fatturato con una buona strategia sul territorio. In molti casi una consulenza sul posto \u00e8 la migliore soluzione per avere un esperto sul posto che possa consigliarti come muoverti e come migliorare l&#8217;immagine e il fatturato della tua attivit\u00e0.<\/p>\n<p>center<\/p>\n<p>no-repeat;center top;;<\/p>\n<p>auto<\/p>\n<p>20% 0px 10% 0px<\/p>\n<p>Cosa dicono di me su Facebook<\/p>\n<h2>Cosa dicono di me su Facebook<\/h2>\n<p>[image src=&#8221;https:\/\/gianlucagentile.com\/wp-content\/uploads\/2018\/08\/linea-sottotitolo-gianluca-gentile.png&#8221; width=&#8221;&#8221; height=&#8221;&#8221; align=&#8221;&#8221; stretch=&#8221;0&#8243; border=&#8221;0&#8243; margin_top=&#8221;&#8221; margin_bottom=&#8221;15&#8243; link_image=&#8221;&#8221; link=&#8221;&#8221; target=&#8221;&#8221; hover=&#8221;&#8221; alt=&#8221;&#8221; caption=&#8221;&#8221; greyscale=&#8221;&#8221; animate=&#8221;&#8221;]<\/p>\n<p>center<\/p>\n<p>no-repeat;center top;;<\/p>\n<p>auto<\/p>\n<p>0px<\/p>\n<p>Recensioni Facebook<\/p>\n<p>[facebook-reviews-pro page_name=&#8221;Gianluca Gentile&#8221; page_id=1781356155492647 page_access_token=EAAVVPjFKgSEBAHAUT7Xm5D3jzADPuXAiOwcmNm7IdFbeB4j2gbFiluIGGZBBRThL13UIyLhAmfVCkqAwAN2bZCsAORZBS7SxWHmwMRabyFtfegA7HGmcd6ERQmRU9G2CBUZCxmxOCbsXRlceOoonxMpC6nTZACWyVkZBWVMZAunJwZDZD rating_snippet=true view_mode=slider open_link=true nofollow_link=true cache=24]<\/p>\n<p>no-repeat;left top;;<\/p>\n<p>auto<\/p>\n<p>Pulsante in basso a destra<\/p>\n<p>[google-reviews-pro place_photo=https:\/\/lh3.googleusercontent.com\/p\/AF1QipNUdmqdDhdB_lllpvwlahGbS03-lwJAljZZJDTP=s1600-w300-h300 place_name=&#8221;Gianluca Gentile&#8221; place_id=ChIJM7WfeyhuLxMRKj7pqH-aaNc auto_load=true rating_snippet=true write_review=true view_mode=badge open_link=true nofollow_link=true lazy_load_img=true]<\/p>\n<p>no-repeat;left top;;<\/p>\n<p>auto<\/p>\n<p>Caratteristiche Consulenza Marketing Venezia<\/p>\n<h2><b><u>Caratteristiche Consulenza Marketing Venezia<\/u><\/b><\/h2>\n<p>[image src=&#8221;https:\/\/gianlucagentile.com\/wp-content\/uploads\/2018\/08\/linea-sottotitolo-gianluca-gentile.png&#8221; width=&#8221;&#8221; height=&#8221;&#8221; align=&#8221;&#8221; stretch=&#8221;0&#8243; border=&#8221;0&#8243; margin_top=&#8221;&#8221; margin_bottom=&#8221;15&#8243; link_image=&#8221;&#8221; link=&#8221;&#8221; target=&#8221;&#8221; hover=&#8221;&#8221; alt=&#8221;&#8221; caption=&#8221;&#8221; greyscale=&#8221;&#8221; animate=&#8221;&#8221;]<\/p>\n<p>center<\/p>\n<p>no-repeat;center top;;<\/p>\n<p>auto<\/p>\n<p>0px<\/p>\n<p><img decoding=\"async\" src=\"https:\/\/gianlucagentile.com\/wp-content\/uploads\/2018\/09\/Consulenza-H24-Gianluca-Gentile.webp\" alt=\"Consulenza H24 Gianluca Gentile\" \/><\/p>\n<p>300<\/p>\n<p>center<\/p>\n<p>74<\/p>\n<p>50<\/p>\n<p>Consulenza H24<\/p>\n<p>&nbsp;<\/p>\n<h3>Consulenza H24<\/h3>\n<p>&nbsp;<\/p>\n<p>Potrai ricevere una consulenza in qualsiasi momento della giornata, da me o da un mio collaboratore per risolvere dubbi o problemi urgenti.<\/p>\n<p>justify<\/p>\n<p>no-repeat;center top;;<\/p>\n<p>auto<\/p>\n<p>5px<\/p>\n<p><img decoding=\"async\" src=\"https:\/\/gianlucagentile.com\/wp-content\/uploads\/2018\/09\/Pi\u00f9-di-50-soluzioni-di-Marketing-Gianluca-Gentile.webp\" alt=\"Pi\u00f9 di 50 soluzioni di Marketing Gianluca Gentile\" \/><\/p>\n<p>300<\/p>\n<p>center<\/p>\n<p>74<\/p>\n<p>50<\/p>\n<p>Pi\u00f9 di 50 soluzioni di Marketing<\/p>\n<p>&nbsp;<\/p>\n<h3>Pi\u00f9 di 50 soluzioni di Marketing<\/h3>\n<p>&nbsp;<\/p>\n<p>Oltre cinquanta strategie di Marketing per migliorare la vendita dei tuoi prodotti o servizi.<\/p>\n<p>justify<\/p>\n<p>no-repeat;center top;;<\/p>\n<p>auto<\/p>\n<p>5px<\/p>\n<p><img decoding=\"async\" src=\"https:\/\/gianlucagentile.com\/wp-content\/uploads\/2018\/09\/Consulenza-sul-posto-Gianluca-Gentile.webp\" alt=\"Consulenza sul posto Gianluca Gentile\" \/><\/p>\n<p>300<\/p>\n<p>center<\/p>\n<p>74<\/p>\n<p>50<\/p>\n<p>Consulenza sul Posto<\/p>\n<p>&nbsp;<\/p>\n<h3>Consulenza sul Posto<\/h3>\n<p>&nbsp;<\/p>\n<p>Se hai una grande azienda che lavora sul territorio possiamo organizzare una consulenza sul posto di un giorno.<\/p>\n<p>justify<\/p>\n<p>no-repeat;center top;;<\/p>\n<p>auto<\/p>\n<p>5px<\/p>\n<p><img decoding=\"async\" src=\"https:\/\/gianlucagentile.com\/wp-content\/uploads\/2018\/09\/Soluzioni-Step-by-Step-Gianluca-Gentile.png\" alt=\"Soluzioni Step by Step Gianluca Gentile\" \/><\/p>\n<p>300<\/p>\n<p>center<\/p>\n<p>61<\/p>\n<p>62<\/p>\n<p>Soluzioni Step by Step<\/p>\n<p>&nbsp;<\/p>\n<h3>Soluzioni Step by Step<\/h3>\n<p>&nbsp;<\/p>\n<p>Soluzioni di Marketing per migliorare passo dopo passo la tua immagine e i tuoi profitti.<\/p>\n<p>justify<\/p>\n<p>no-repeat;center top;;<\/p>\n<p>auto<\/p>\n<p>5px<\/p>\n<p><img decoding=\"async\" src=\"https:\/\/gianlucagentile.com\/wp-content\/uploads\/2018\/09\/Lead-Generation-Gianluca-Gentile.webp\" alt=\"Lead Generation Gianluca Gentile\" \/><\/p>\n<p>300<\/p>\n<p>center<\/p>\n<p>60<\/p>\n<p>60<\/p>\n<p>Lead Generation<\/p>\n<p>&nbsp;<\/p>\n<h3>Lead Generation<\/h3>\n<p>&nbsp;<\/p>\n<p>Sviluppo strategie di Lead Generation che possono portare fino a 50 nuovi contatti al giorno.<\/p>\n<p>justify<\/p>\n<p>no-repeat;center top;;<\/p>\n<p>auto<\/p>\n<p>5px<\/p>\n<p><img decoding=\"async\" src=\"https:\/\/gianlucagentile.com\/wp-content\/uploads\/2018\/09\/One-to-one-Gianluca-Gentile.png\" alt=\"One to one Gianluca Gentile\" \/><\/p>\n<p>300<\/p>\n<p>center<\/p>\n<p>55<\/p>\n<p>55<\/p>\n<p>One to one<\/p>\n<p>&nbsp;<\/p>\n<h3>One to one<\/h3>\n<p>&nbsp;<\/p>\n<p>Se vui imparare oltre che a mettere in pratica puoi sfruttare i miei corsi One to one.<\/p>\n<p>justify<\/p>\n<p>no-repeat;center top;;<\/p>\n<p>auto<\/p>\n<p>5px<\/p>\n<p><img decoding=\"async\" src=\"https:\/\/gianlucagentile.com\/wp-content\/uploads\/2018\/09\/Recupero-di-Aziende-in-crisi-Gianluca-Gentile.webp\" alt=\"Recupero di Aziende in crisi Gianluca Gentile\" \/><\/p>\n<p>300<\/p>\n<p>center<\/p>\n<p>55<\/p>\n<p>55<\/p>\n<p>Recupero di Aziende in crisi<\/p>\n<p>&nbsp;<\/p>\n<h3>Recupero di Aziende in crisi<\/h3>\n<p>&nbsp;<\/p>\n<p>La crisi economica ha portato al fallimento molte aziende italiane, ma grazie a una strategia di Marketing \u00e8 possibile uscirne e riportare la propria attivit\u00e0 ai profitti di un tempo.<\/p>\n<p>justify<\/p>\n<p>no-repeat;center top;;<\/p>\n<p>auto<\/p>\n<p>5px<\/p>\n<p><img decoding=\"async\" src=\"https:\/\/gianlucagentile.com\/wp-content\/uploads\/2018\/09\/Web-Marketing-Gianluca-Gentile.webp\" alt=\"Web Marketing Gianluca Gentile\" \/><\/p>\n<p>300<\/p>\n<p>center<\/p>\n<p>55<\/p>\n<p>55<\/p>\n<p>Web Marketing<\/p>\n<p>&nbsp;<\/p>\n<h3>Web Marketing<\/h3>\n<p>&nbsp;<\/p>\n<p>Se il tuo obbiettivo \u00e8 quello di creare un&#8217;attivit\u00e0 online, la consulenza di Web Marketing pu\u00f2 risolvere i tuoi problemi di Start Up.<\/p>\n<p>justify<\/p>\n<p>no-repeat;center top;;<\/p>\n<p>auto<\/p>\n<p>5px<\/p>\n<p><img decoding=\"async\" src=\"https:\/\/gianlucagentile.com\/wp-content\/uploads\/2018\/09\/Consulenza-per-Associazioni-Gianluca-Gentile.webp\" alt=\"Consulenza per Associazioni Gianluca Gentile\" \/><\/p>\n<p>300<\/p>\n<p>center<\/p>\n<p>55<\/p>\n<p>55<\/p>\n<p>Consulenza per Associazioni<\/p>\n<p>&nbsp;<\/p>\n<h3>Consulenza per Associazioni<\/h3>\n<p>&nbsp;<\/p>\n<p>Se sei un&#8217;associazione non puoi pi\u00f9 sottovalutare l&#8217;importanza di una buona strategia di Marketing per la tua raccolta fondi, soluzioni come <a href=\"https:\/\/gianlucagentile.com\/google-per-il-non-profit\/\">Google per il non profit <\/a>sono elementi essenziali per l&#8217;economia associativa nel nuovo millenio.<\/p>\n<p>justify<\/p>\n<p>no-repeat;center top;;<\/p>\n<p>auto<\/p>\n<p>5px<\/p>\n<p>Alcuni clienti che si sono affidati alle mie consulenze marketing Venezia<\/p>\n<p>rand<\/p>\n<p>ASC<\/p>\n<p>Preventivo consulenza marketing Venezia<\/p>\n<h2><b>Preventivo Consulenza Marketing Venezia<\/b><\/h2>\n<p>[image src=&#8221;https:\/\/gianlucagentile.com\/wp-content\/uploads\/2018\/08\/linea-sottotitolo-gianluca-gentile.png&#8221; width=&#8221;&#8221; height=&#8221;&#8221; align=&#8221;&#8221; stretch=&#8221;0&#8243; border=&#8221;0&#8243; margin_top=&#8221;&#8221; margin_bottom=&#8221;15&#8243; link_image=&#8221;&#8221; link=&#8221;&#8221; target=&#8221;&#8221; hover=&#8221;&#8221; alt=&#8221;&#8221; caption=&#8221;&#8221; greyscale=&#8221;&#8221; animate=&#8221;&#8221;]<\/p>\n<p>Realizza il preventivo per il tuo progetto autonomamente, grazie al mio sistema di preventivi online.<\/p>\n<p>center<\/p>\n<p>no-repeat;center top;;<\/p>\n<p>auto<\/p>\n<p>0px<\/p>\n<p>Preventivo<\/p>\n<p><a href=\"https:\/\/gianlucagentile.com\/preventivi\/\">https:\/\/gianlucagentile.com\/preventivi\/<\/a><\/p>\n<p>center<\/p>\n<p>icon-globe<\/p>\n<p>left<\/p>\n<p>2<\/p>\n","protected":false},"excerpt":{"rendered":"<p>no-repeat;left top;; auto Consulenza Marketing Venezia &nbsp; Consulenza Marketing Venezia [divider height=&#8221;5&#8243;] [image src=&#8221;https:\/\/gianlucagentile.com\/wp-content\/uploads\/2018\/08\/linea-sottotitolo-gianluca-gentile.png&#8221; width=&#8221;&#8221; height=&#8221;&#8221; align=&#8221;&#8221; stretch=&#8221;0&#8243; border=&#8221;0&#8243; margin_top=&#8221;&#8221; margin_bottom=&#8221;15&#8243; link_image=&#8221;&#8221; link=&#8221;&#8221; target=&#8221;&#8221; hover=&#8221;&#8221;&#8230;<\/p>\n","protected":false},"author":1,"featured_media":0,"parent":0,"menu_order":0,"comment_status":"closed","ping_status":"closed","template":"","meta":{"_seopress_robots_primary_cat":"","_seopress_titles_title":"%%post_title%% %%sep%% %%sitetitle%%","_seopress_titles_desc":"Consulenza marketing intelligente per la tua azienda.","_seopress_robots_index":"","footnotes":""},"class_list":["post-11937","page","type-page","status-publish"],"_links":{"self":[{"href":"https:\/\/gianlucagentile.com\/blog\/wp-json\/wp\/v2\/pages\/11937","targetHints":{"allow":["GET"]}}],"collection":[{"href":"https:\/\/gianlucagentile.com\/blog\/wp-json\/wp\/v2\/pages"}],"about":[{"href":"https:\/\/gianlucagentile.com\/blog\/wp-json\/wp\/v2\/types\/page"}],"author":[{"embeddable":true,"href":"https:\/\/gianlucagentile.com\/blog\/wp-json\/wp\/v2\/users\/1"}],"replies":[{"embeddable":true,"href":"https:\/\/gianlucagentile.com\/blog\/wp-json\/wp\/v2\/comments?post=11937"}],"version-history":[{"count":0,"href":"https:\/\/gianlucagentile.com\/blog\/wp-json\/wp\/v2\/pages\/11937\/revisions"}],"wp:attachment":[{"href":"https:\/\/gianlucagentile.com\/blog\/wp-json\/wp\/v2\/media?parent=11937"}],"curies":[{"name":"wp","href":"https:\/\/api.w.org\/{rel}","templated":true}]}}