{"id":13017,"date":"2018-11-05T11:02:15","date_gmt":"2018-11-05T10:02:15","guid":{"rendered":"https:\/\/gianlucagentile.com\/?page_id=13017"},"modified":"2023-10-19T12:08:21","modified_gmt":"2023-10-19T10:08:21","slug":"realizzazione-siti-web-bracciano","status":"publish","type":"page","link":"https:\/\/gianlucagentile.com\/blog\/realizzazione-siti-web-bracciano\/","title":{"rendered":"Realizzazione Siti Web Bracciano"},"content":{"rendered":"<p><span style=\"color: #fff;\">SERVIZI<\/span><\/p>\n<p>icon<\/p>\n<p>Realizzazione Siti Web Bracciano<\/p>\n<h2><b>Realizzazione Siti Web Bracciano<\/b><\/h2>\n<p>La pagina ufficiale di un\u2019azienda \u00e8 la principale porta d\u2019ingresso sulla rete. Un vero e proprio biglietto da visita. Un\u2019insegna virtuale che ha bisogno di essere curata e gestita da professionisti. Un vantaggio non da poco, che garantisce ampia visibilit\u00e0. Viene assecondata l\u2019interazione tra azienda e cliente, annullando quel senso di distacco e scetticismo.<\/p>\n<p>La realizzazione di un buon sito web pu\u00f2 passare attraverso diverse fasi: Dominio, Spazio Web, CMS, Template, Plugin e Testo sono solo alcuni degli aspetti che vanno affrontati durante la realizzazione di un sito web.<\/p>\n<p>Normalmente divido il sito web in 3 tipologie: Sito Web, Progetto Web e Investimento Online<\/p>\n<p>Questa tipologia di divisione \u00e8 il frutto di Anni d&#8217;esperienza nel settore che mi ha portato a suddividere i miei clienti in 3 fasi e quindi in 3 tipologie diverse di servizio.<\/p>\n<p>justify<\/p>\n<p>no-repeat;center top;;<\/p>\n<p>auto<\/p>\n<p>fadeInRight<\/p>\n<p>Clicca qui<\/p>\n<p><a href=\"https:\/\/gianlucagentile.com\/realizzazione-siti-web\/\">https:\/\/gianlucagentile.com\/realizzazione-siti-web\/<\/a><\/p>\n<p>center<\/p>\n<p>left<\/p>\n<p>#f3b802<\/p>\n<p>#ffffff<\/p>\n<p>2<\/p>\n<p><img decoding=\"async\" src=\"https:\/\/gianlucagentile.com\/wp-content\/uploads\/2018\/08\/Creative-13.png\" alt=\"Creative-13\" \/><\/p>\n<p>Realizzazione Siti Web Bracciano<\/p>\n<h2>Realizzazione Siti Web Bracciano<\/h2>\n<p>La pagina ufficiale di un\u2019azienda \u00e8 la principale porta d\u2019ingresso sulla rete. Un vero e proprio biglietto da visita. Un\u2019insegna virtuale che ha bisogno di essere curata e gestita da professionisti. Un vantaggio non da poco, che garantisce ampia visibilit\u00e0. Viene assecondata l\u2019interazione tra azienda e cliente, annullando quel senso di distacco e scetticismo.<\/p>\n<p>La realizzazione di un buon sito web pu\u00f2 passare attraverso diverse fasi: Dominio, Spazio Web, CMS, Template, Plugin e Testo sono solo alcuni degli aspetti che vanno affrontati durante la realizzazione di un sito web.<\/p>\n<p>Normalmente divido il sito web in 3 tipologie: Sito Web, Progetto Web e Investimento Online<\/p>\n<p>Questa tipologia di divisione \u00e8 il frutto di Anni d&#8217;esperienza nel settore che mi ha portato a suddividere i miei clienti in 3 fasi e quindi in 3 tipologie diverse di servizio.<\/p>\n<p>justify<\/p>\n<p>no-repeat;center top;;<\/p>\n<p>auto<\/p>\n<p>0px<\/p>\n<p>fadeIn<\/p>\n<p>Clicca qui<\/p>\n<p><a href=\"https:\/\/gianlucagentile.com\/realizzazione-siti-web\/\">https:\/\/gianlucagentile.com\/realizzazione-siti-web\/<\/a><\/p>\n<p>center<\/p>\n<p>left<\/p>\n<p>#f3b802<\/p>\n<p>#ffffff<\/p>\n<p>2<\/p>\n<p>Sviluppo Plugin e Moduli CMS Bracciano<\/p>\n<h2>Sviluppo Plugin e Software in PHP Bracciano<\/h2>\n<p>Al giorno d&#8217;oggi tutti possono realizzare un sito web, se dividiamo le fasi di realizzazione di un sito web e le cerchiamo in rete possiamo trovare tutto il matariale che ci occorre per iniziare la realizzazione del nostro sito web. Il problema non \u00e8 tanto la realizzazione del sito ma lo sviluppo delle funzionalit\u00e0.<\/p>\n<p>Alcune tecniche di realizzazione richiedono la conoscenza di linguaggi di programmazione che non possono essere imparati trqamite delle semplici guide online, ma sono frutto di studio e esperienza nel settore.<\/p>\n<p>Un buon sito web non deve essere solo bello graficamente ma deve adottare soluzioni che semplifichino la vita dell&#8217;azienda e dei suoi clienti, utilizzare API &#8220;Application programming interface&#8221; o nella nostra lingua &#8220;interfaccia di programmazione di un&#8217;applicazione&#8221; \u00e8 un sistema di comunicazione che permette di utilizzare tencnologie esterne come Gestionali, Servizi, Siti Web e molto altro nel proprio sito web.<\/p>\n<p>Per integrare questo tipo di tecnologie molte volte c&#8217;\u00e8 la necessit\u00e0 di realizzare un software apposito o un plugin\/modulo che si integri con il proprio sito web, il servizio di Sviluppo offre proprio questo cio\u00e8 un strada per automatizzare e semplificare la propria Azienda.<\/p>\n<p>justify<\/p>\n<p>no-repeat;center top;;<\/p>\n<p>auto<\/p>\n<p>fadeInLeft<\/p>\n<p>Clicca qui<\/p>\n<p><a href=\"https:\/\/gianlucagentile.com\/sviluppo-plugin-e-software-in-php\/\">https:\/\/gianlucagentile.com\/sviluppo-plugin-e-software-in-php\/<\/a><\/p>\n<p>center<\/p>\n<p>left<\/p>\n<p>#f3b802<\/p>\n<p>#ffffff<\/p>\n<p>2<\/p>\n<p><img decoding=\"async\" src=\"https:\/\/gianlucagentile.com\/wp-content\/uploads\/2018\/08\/Creative-17.png\" alt=\"Creative-17\" \/><\/p>\n<p>Sviluppo Plugin e Moduli CMS Bracciano<\/p>\n<h2>Sviluppo Plugin e Software in PHP Bracciano<\/h2>\n<p>Al giorno d&#8217;oggi tutti possono realizzare un sito web, se dividiamo le fasi di realizzazione di un sito web e le cerchiamo in rete possiamo trovare tutto il matariale che ci occorre per iniziare la realizzazione del nostro sito web. Il problema non \u00e8 tanto la realizzazione del sito ma lo sviluppo delle funzionalit\u00e0.<\/p>\n<p>Alcune tecniche di realizzazione richiedono la conoscenza di linguaggi di programmazione che non possono essere imparati trqamite delle semplici guide online, ma sono frutto di studio e esperienza nel settore.<\/p>\n<p>Un buon sito web non deve essere solo bello graficamente ma deve adottare soluzioni che semplifichino la vita dell&#8217;azienda e dei suoi clienti, utilizzare API &#8220;Application programming interface&#8221; o nella nostra lingua &#8220;interfaccia di programmazione di un&#8217;applicazione&#8221; \u00e8 un sistema di comunicazione che permette di utilizzare tencnologie esterne come Gestionali, Servizi, Siti Web e molto altro nel proprio sito web.<\/p>\n<p>Per integrare questo tipo di tecnologie molte volte c&#8217;\u00e8 la necessit\u00e0 di realizzare un software apposito o un plugin\/modulo che si integri con il proprio sito web, il servizio di Sviluppo offre proprio questo cio\u00e8 un strada per automatizzare e semplificare la propria Azienda.<\/p>\n<p>justify<\/p>\n<p>no-repeat;center top;;<\/p>\n<p>auto<\/p>\n<p>fadeInLeft<\/p>\n<p>Clicca qui<\/p>\n<p><a href=\"https:\/\/gianlucagentile.com\/sviluppo-plugin-e-software-in-php\/\">https:\/\/gianlucagentile.com\/sviluppo-plugin-e-software-in-php\/<\/a><\/p>\n<p>center<\/p>\n<p>left<\/p>\n<p>#f3b802<\/p>\n<p>#ffffff<\/p>\n<p>2<\/p>\n<p>Sviluppo App Android &amp; iOS Bracciano<\/p>\n<h2>Sviluppo App Android &amp; iOS Bracciano<\/h2>\n<p>Chiunque \u00e8 attualmente in possesso di uno smartphone. L\u2019elevata diffusione di questo dispositivo tra rappresenta un\u2019ottima opportunit\u00e0 per fare business. In modo particolare tramite la realizzazione di un\u2019app aziendale.<\/p>\n<p>Essa garantisce una diffusione su ampia scala del proprio brand, con una pubblicit\u00e0 del brand rapida, abbinata all\u2019erogazione di servizi per l\u2019utenza. I nostri sistemi garantiscono una totale efficienza, con notifiche istantanee, possibilit\u00e0 di utilizzo offline e un\u2019esperienza d\u2019uso semplice e lineare. Il tutto con un semplice click.<\/p>\n<p>justify<\/p>\n<p>no-repeat;center top;;<\/p>\n<p>auto<\/p>\n<p>fadeInRight<\/p>\n<p>Clicca qui<\/p>\n<p><a href=\"https:\/\/gianlucagentile.com\/sviluppo-app-android-ios\/\">https:\/\/gianlucagentile.com\/sviluppo-app-android-ios\/<\/a><\/p>\n<p>center<\/p>\n<p>left<\/p>\n<p>#f3b802<\/p>\n<p>#ffffff<\/p>\n<p>2<\/p>\n<p><img decoding=\"async\" src=\"https:\/\/gianlucagentile.com\/wp-content\/uploads\/2018\/08\/Creative-05.png\" alt=\"Creative-05\" \/><\/p>\n<p>Sviluppo App Android &amp; iOS Bracciano<\/p>\n<h2>Sviluppo App Android &amp; iOS Bracciano<\/h2>\n<p>Chiunque \u00e8 attualmente in possesso di uno smartphone. L\u2019elevata diffusione di questo dispositivo tra rappresenta un\u2019ottima opportunit\u00e0 per fare business. In modo particolare tramite la realizzazione di un\u2019app aziendale.<\/p>\n<p>Essa garantisce una diffusione su ampia scala del proprio brand, con una pubblicit\u00e0 del brand rapida, abbinata all\u2019erogazione di servizi per l\u2019utenza. I nostri sistemi garantiscono una totale efficienza, con notifiche istantanee, possibilit\u00e0 di utilizzo offline e un\u2019esperienza d\u2019uso semplice e lineare. Il tutto con un semplice click.<\/p>\n<p>justify<\/p>\n<p>no-repeat;center top;;<\/p>\n<p>auto<\/p>\n<p>fadeInRight<\/p>\n<p>Clicca qui<\/p>\n<p><a href=\"https:\/\/gianlucagentile.com\/sviluppo-app-android-ios\/\">https:\/\/gianlucagentile.com\/sviluppo-app-android-ios\/<\/a><\/p>\n<p>center<\/p>\n<p>left<\/p>\n<p>#f3b802<\/p>\n<p>#ffffff<\/p>\n<p>2<\/p>\n<p>Campagne Google Adwords &amp; Facebook ADS Bracciano<\/p>\n<h2>Campagne Google Ads &amp; Facebook ADS Bracciano<\/h2>\n<p><b>Google Ads<\/b> la piattaforma ideale per reclamizzare il proprio brand. Tramite l\u2019implementazione di annunci pubblicitari sul motore di ricerca e la scelta delle keywords pi\u00f9 consone (parole chiave attinenti in ottica SEO), viene facilitata l\u2019individuazione del marchio sui motori di ricerca.<\/p>\n<p><b>Facebook Ads<\/b> lo stesso concetto vale anche per il social network pi\u00f9 conosciuto al mondo, con la creazione di inserzioni pubblicitarie mostrate all\u2019interno della piattaforma. Annunci che tenendo conto di numerosi fattori, destinati ad una fascia di mercato ben precisa da ricercare (et\u00e0 dei potenziali clienti, area territoriale, tipologie del servizio, ecc), in modo tale da ottimizzarne le visual. Vi \u00e8 la possibilit\u00e0 di scegliere dove far comparire l\u2019inserzione, il formato, e visualizzare le relative statistiche.<\/p>\n<p>justify<\/p>\n<p>no-repeat;center top;;<\/p>\n<p>auto<\/p>\n<p>fadeInLeft<\/p>\n<p>Clicca qui<\/p>\n<p><a href=\"https:\/\/gianlucagentile.com\/campagne-google-adwords-facebook-ads\/\">https:\/\/gianlucagentile.com\/campagne-google-adwords-facebook-ads\/<\/a><\/p>\n<p>center<\/p>\n<p>left<\/p>\n<p>#f3b802<\/p>\n<p>#ffffff<\/p>\n<p>2<\/p>\n<p><img decoding=\"async\" src=\"https:\/\/gianlucagentile.com\/wp-content\/uploads\/2018\/08\/Creative-01.png\" alt=\"Creative-01\" \/><\/p>\n<p>Campagne Google Adwords &amp; Facebook ADS Bracciano<\/p>\n<h2>Campagne Google Ads &amp; Facebook ADS Bracciano<\/h2>\n<p><b>Google Ads<\/b> la piattaforma ideale per reclamizzare il proprio brand. Tramite l\u2019implementazione di annunci pubblicitari sul motore di ricerca e la scelta delle keywords pi\u00f9 consone (parole chiave attinenti in ottica SEO), viene facilitata l\u2019individuazione del marchio sui motori di ricerca.<\/p>\n<p><b>Facebook Ads<\/b> lo stesso concetto vale anche per il social network pi\u00f9 conosciuto al mondo, con la creazione di inserzioni pubblicitarie mostrate all\u2019interno della piattaforma. Annunci che tenendo conto di numerosi fattori, destinati ad una fascia di mercato ben precisa da ricercare (et\u00e0 dei potenziali clienti, area territoriale, tipologie del servizio, ecc), in modo tale da ottimizzarne le visual. Vi \u00e8 la possibilit\u00e0 di scegliere dove far comparire l\u2019inserzione, il formato, e visualizzare le relative statistiche.<\/p>\n<p>justify<\/p>\n<p>no-repeat;center top;;<\/p>\n<p>auto<\/p>\n<p>fadeInLeft<\/p>\n<p>Clicca qui<\/p>\n<p><a href=\"https:\/\/gianlucagentile.com\/campagne-google-adwords-facebook-ads\/\">https:\/\/gianlucagentile.com\/campagne-google-adwords-facebook-ads\/<\/a><\/p>\n<p>center<\/p>\n<p>left<\/p>\n<p>#f3b802<\/p>\n<p>#ffffff<\/p>\n<p>2<\/p>\n<p>Realizzazione Contenuti Bracciano<\/p>\n<h2>Realizzazione Contenuti Bracciano<\/h2>\n<p>Usare le parole giuste, in modo corretto, ma nel contesto pi\u00f9 adatto. Per promuovere un contenuto web \u00e8 fondamentale una certa predisposizione all\u2019ars oratoria, che sia scritta o parlata. Questa per\u00f2 non basta per avere un contenuto di qualit\u00e0, soprattutto in ambito online. E\u2019 necessario attenersi ad alcune disposizioni per incrementare il numero di visualizzazioni della propria pagina web e veicolare maggiormente il nome del proprio brand. Si tratta di alcuni accorgimenti che devono essere impiegati in modo corretto, al fine di ottimizzare la propria attivit\u00e0 pubblicitaria e rendere la comunicazione pi\u00f9 efficace.<\/p>\n<p>Stiamo parlando delle direttive SEO, con le quali indicizzare un sito tra i primi risultati dei motori di ricerca. Parametri che consentono di aumentare le visite sulla propria pagina web: utilizzo delle parole chiave nei vari contesti, lunghezza adeguata dei periodi, testo, paragrafi, titoli, sottotitoli, inserimento di immagini inerenti alla tematica ecc.<\/p>\n<p>justify<\/p>\n<p>no-repeat;center top;;<\/p>\n<p>auto<\/p>\n<p>fadeInRight<\/p>\n<p>Clicca qui<\/p>\n<p><a href=\"https:\/\/gianlucagentile.com\/realizzazione-contenuti-web\/\">https:\/\/gianlucagentile.com\/realizzazione-contenuti-web\/<\/a><\/p>\n<p>center<\/p>\n<p>left<\/p>\n<p>#f3b802<\/p>\n<p>#ffffff<\/p>\n<p>2<\/p>\n<p><img decoding=\"async\" src=\"https:\/\/gianlucagentile.com\/wp-content\/uploads\/2018\/08\/Creative-24.png\" alt=\"Creative-24\" \/><\/p>\n<p>Realizzazione Contenuti Bracciano<\/p>\n<h2>Realizzazione Contenuti Bracciano<\/h2>\n<p>Usare le parole giuste, in modo corretto, ma nel contesto pi\u00f9 adatto. Per promuovere un contenuto web \u00e8 fondamentale una certa predisposizione all\u2019ars oratoria, che sia scritta o parlata. Questa per\u00f2 non basta per avere un contenuto di qualit\u00e0, soprattutto in ambito online. E\u2019 necessario attenersi ad alcune disposizioni per incrementare il numero di visualizzazioni della propria pagina web e veicolare maggiormente il nome del proprio brand. Si tratta di alcuni accorgimenti che devono essere impiegati in modo corretto, al fine di ottimizzare la propria attivit\u00e0 pubblicitaria e rendere la comunicazione pi\u00f9 efficace.<\/p>\n<p>Stiamo parlando delle direttive SEO, con le quali indicizzare un sito tra i primi risultati dei motori di ricerca. Parametri che consentono di aumentare le visite sulla propria pagina web: utilizzo delle parole chiave nei vari contesti, lunghezza adeguata dei periodi, testo, paragrafi, titoli, sottotitoli, inserimento di immagini inerenti alla tematica ecc.<\/p>\n<p>justify<\/p>\n<p>no-repeat;center top;;<\/p>\n<p>auto<\/p>\n<p>fadeInRight<\/p>\n<p>Clicca qui<\/p>\n<p><a href=\"https:\/\/gianlucagentile.com\/realizzazione-contenuti-web\/\">https:\/\/gianlucagentile.com\/realizzazione-contenuti-web\/<\/a><\/p>\n<p>center<\/p>\n<p>left<\/p>\n<p>#f3b802<\/p>\n<p>#ffffff<\/p>\n<p>2<\/p>\n<p>Grafica &amp; Stampa Bracciano<\/p>\n<h2>Grafica &amp; Stampa Bracciano<\/h2>\n<p>Nonostante l&#8217;avvento del web la grafica e la stampa \u00e8 ancora il mezzo pubblicitario per eccellenza per molte attivit\u00e0, per questo motivo ho deciso di continuare a offrire questo servizio per tutte quelle attivit\u00e0 che necessitano di un supporto grafico per la realizzazione di merchandising e materiale pubblicitario vario.<\/p>\n<p>Grazie alla mia esperienza ho realizzato negli anni &#8220;bozze&#8221; grafiche che possono essere riutilizzate per la propria attivit\u00e0, questo mi permette di abbassare i costi e tempi di realizzazione di un prodotto.<\/p>\n<p>Mi raccomando stampa veloce e di alta qualit\u00e0! Questo \u00e8 quello che mi sento dire spesso dai miei clienti, per questo per la stampa mi affido a partner che offrono un servizio di stampa veloce, di qualit\u00e0 e con prezzi tra i pi\u00f9 bassi sul mercato.<\/p>\n<p>justify<\/p>\n<p>no-repeat;center top;;<\/p>\n<p>auto<\/p>\n<p>fadeInLeft<\/p>\n<p>Clicca qui<\/p>\n<p><a href=\"https:\/\/gianlucagentile.com\/grafica-e-stampa\/\">https:\/\/gianlucagentile.com\/grafica-e-stampa\/<\/a><\/p>\n<p>center<\/p>\n<p>left<\/p>\n<p>#f3b802<\/p>\n<p>#ffffff<\/p>\n<p>2<\/p>\n<p><img decoding=\"async\" src=\"https:\/\/gianlucagentile.com\/wp-content\/uploads\/2018\/08\/Creative-12.png\" alt=\"Creative-12\" \/><\/p>\n<p>Grafica &amp; Stampa Bracciano<\/p>\n<h2>Grafica &amp; Stampa Bracciano<\/h2>\n<p>Nonostante l&#8217;avvento del web la grafica e la stampa \u00e8 ancora il mezzo pubblicitario per eccellenza per molte attivit\u00e0, per questo motivo ho deciso di continuare a offrire questo servizio per tutte quelle attivit\u00e0 che necessitano di un supporto grafico per la realizzazione di merchandising e materiale pubblicitario vario.<\/p>\n<p>Grazie alla mia esperienza ho realizzato negli anni &#8220;bozze&#8221; grafiche che possono essere riutilizzate per la propria attivit\u00e0, questo mi permette di abbassare i costi e tempi di realizzazione di un prodotto.<\/p>\n<p>Mi raccomando stampa veloce e di alta qualit\u00e0! Questo \u00e8 quello che mi sento dire spesso dai miei clienti, per questo per la stampa mi affido a partner che offrono un servizio di stampa veloce, di qualit\u00e0 e con prezzi tra i pi\u00f9 bassi sul mercato.<\/p>\n<p>justify<\/p>\n<p>no-repeat;center top;;<\/p>\n<p>auto<\/p>\n<p>fadeInLeft<\/p>\n<p>Clicca qui<\/p>\n<p><a href=\"https:\/\/gianlucagentile.com\/grafica-e-stampa\/\">https:\/\/gianlucagentile.com\/grafica-e-stampa\/<\/a><\/p>\n<p>center<\/p>\n<p>left<\/p>\n<p>#f3b802<\/p>\n<p>#ffffff<\/p>\n<p>2<\/p>\n<p>Assistenza Remota Bracciano<\/p>\n<h2>Assistenza Remota Bracciano<\/h2>\n<p>Ho iniziato questo lavoro costruendo e riparando pc nella mia camera da letto, da li a poco con l&#8217;arrivo della linea ADSL ho iniziato a creare i primi siti. La passione per i computer \u00e8 alla base della mia formazione ed \u00e8 la stessa che mi spinge a imparare e conoscere nuovi compontenti hardware e nuovi software per Windows e Mac.<\/p>\n<p>Grazie al mio background culturale posso offrire un servizio di assistenza pc ai miei clienti per risolvere i problemi pi\u00f9 comuni nel proprio computer.<\/p>\n<p>justify<\/p>\n<p>no-repeat;center top;;<\/p>\n<p>auto<\/p>\n<p>fadeInRight<\/p>\n<p>Clicca qui<\/p>\n<p><a href=\"https:\/\/gianlucagentile.com\/assistenza-remota\/\">https:\/\/gianlucagentile.com\/assistenza-remota\/<\/a><\/p>\n<p>center<\/p>\n<p>left<\/p>\n<p>#f3b802<\/p>\n<p>#ffffff<\/p>\n<p>2<\/p>\n<p><img decoding=\"async\" src=\"https:\/\/gianlucagentile.com\/wp-content\/uploads\/2018\/08\/Creative-08.png\" alt=\"Creative-08\" \/><\/p>\n<p>Assistenza Remota Bracciano<\/p>\n<h2>Assistenza Remota Bracciano<\/h2>\n<p>Ho iniziato questo lavoro costruendo e riparando pc nella mia camera da letto, da li a poco con l&#8217;arrivo della linea ADSL ho iniziato a creare i primi siti. La passione per i computer \u00e8 alla base della mia formazione ed \u00e8 la stessa che mi spinge a imparare e conoscere nuovi compontenti hardware e nuovi software per Windows e Mac.<\/p>\n<p>Grazie al mio background culturale posso offrire un servizio di assistenza pc ai miei clienti per risolvere i problemi pi\u00f9 comuni nel proprio computer.<\/p>\n<p>justify<\/p>\n<p>no-repeat;center top;;<\/p>\n<p>auto<\/p>\n<p>fadeInRight<\/p>\n<p>Clicca qui<\/p>\n<p><a href=\"https:\/\/gianlucagentile.com\/assistenza-remota\/\">https:\/\/gianlucagentile.com\/assistenza-remota\/<\/a><\/p>\n<p>center<\/p>\n<p>left<\/p>\n<p>#f3b802<\/p>\n<p>#ffffff<\/p>\n<p>2<\/p>\n<p><span style=\"color: #f3b802;\">Cosa dicono di me su Facebook<\/span><\/p>\n<p>icon<\/p>\n<p>Pulsante in basso a destra<\/p>\n<p>[google-reviews-pro place_photo=https:\/\/lh3.googleusercontent.com\/p\/AF1QipNUdmqdDhdB_lllpvwlahGbS03-lwJAljZZJDTP=s1600-w300-h300 place_name=&#8221;Gianluca Gentile&#8221; place_id=ChIJM7WfeyhuLxMRKj7pqH-aaNc auto_load=true rating_snippet=true write_review=true view_mode=badge open_link=true nofollow_link=true lazy_load_img=true]<\/p>\n<p>no-repeat;left top;;<\/p>\n<p>auto<\/p>\n<p>Recensioni Facebook<\/p>\n<p>[facebook-reviews-pro page_name=&#8221;Gianluca Gentile&#8221; page_id=1781356155492647 page_access_token=EAAVVPjFKgSEBAHAUT7Xm5D3jzADPuXAiOwcmNm7IdFbeB4j2gbFiluIGGZBBRThL13UIyLhAmfVCkqAwAN2bZCsAORZBS7SxWHmwMRabyFtfegA7HGmcd6ERQmRU9G2CBUZCxmxOCbsXRlceOoonxMpC6nTZACWyVkZBWVMZAunJwZDZD rating_snippet=true view_mode=slider open_link=true nofollow_link=true cache=24]<\/p>\n<p>no-repeat;left top;;<\/p>\n<p>auto<\/p>\n<p><span style=\"color: #f3b802;\">Cosa dicono di me<\/span><\/p>\n<p>icon<\/p>\n<p>Recensioni Google<\/p>\n<p>[google-reviews-pro place_photo=https:\/\/lh3.googleusercontent.com\/p\/AF1QipNUdmqdDhdB_lllpvwlahGbS03-lwJAljZZJDTP=s1600-w300-h300 place_name=&#8221;Gianluca Gentile&#8221; place_id=ChIJM7WfeyhuLxMRKj7pqH-aaNc auto_load=true rating_snippet=true sort=3 write_review=true view_mode=slider open_link=true lazy_load_img=true]<\/p>\n<p>no-repeat;left top;;<\/p>\n<p>auto<\/p>\n<h1>Scarica la mia APP<\/h1>\n<p>[divider height=&#8221;40&#8243;]<\/p>\n<p>center<\/p>\n<p>center<\/p>\n<p>no-repeat;center top;;<\/p>\n<p>auto<\/p>\n<p><img decoding=\"async\" src=\"https:\/\/www.landingpage.gianlucagentile.com\/generazione-landing\/wp-content\/uploads\/2018\/01\/app3-home-google-play.png\" alt=\"Realizzazione Siti Web,siti web di impatto,web design personalizzato,sviluppo web su misura,presenza online di successo,servizi di web design,creazione siti web\" \/><\/p>\n<p>center<\/p>\n<p><a href=\"https:\/\/play.google.com\/store\/apps\/details?id=appymaker.newapppower&amp;hl=it\">https:\/\/play.google.com\/store\/apps\/details?id=appymaker.newapppower&amp;hl=it<\/a><\/p>\n<p>disable<\/p>\n<p>Un&#8217;app per rimanere aggiornato su tutte le novit\u00e0 per il tuo progetto, con un nuovo modo per gestire la tua attivit\u00e0. Invia richieste di supporto scattando una foto o registrando un video direttamente dal tuo smartphone. Ricevi notifiche push per non perderti nemmeno una notizia. Il tutto in solo 5mb di peso e compatibile con tutti gli smartphone presenti sul mercato.<\/p>\n<p>justify<\/p>\n<p>justify<\/p>\n<p>no-repeat;center top;;<\/p>\n<p>auto<\/p>\n<p><img decoding=\"async\" src=\"https:\/\/gianlucagentile.com\/wp-content\/uploads\/2018\/08\/Mockup-Xiaomi-Mi-mix-2.png\" alt=\"Mockup Xiaomi Mi mix 2\" \/><\/p>\n<p>300<\/p>\n<p>center<\/p>\n<h1>Scarica la mia APP<\/h1>\n<p>[divider height=&#8221;40&#8243;]<\/p>\n<p>center<\/p>\n<p>center<\/p>\n<p>no-repeat;center top;;<\/p>\n<p>auto<\/p>\n<p><img decoding=\"async\" src=\"https:\/\/www.landingpage.gianlucagentile.com\/generazione-landing\/wp-content\/uploads\/2018\/01\/app3-home-google-play.png\" alt=\"Realizzazione Siti Web,siti web di impatto,web design personalizzato,sviluppo web su misura,presenza online di successo,servizi di web design,creazione siti web\" \/><\/p>\n<p>center<\/p>\n<p><a href=\"https:\/\/play.google.com\/store\/apps\/details?id=appymaker.newapppower\">https:\/\/play.google.com\/store\/apps\/details?id=appymaker.newapppower<\/a><\/p>\n<p>disable<\/p>\n<p>Un&#8217;app per rimanere aggiornato su tutte le novit\u00e0 per il tuo progetto, con un nuovo modo per gestire la tua attivit\u00e0. Invia richieste di supporto scattando una foto o registrando un video direttamente dal tuo smartphone. Ricevi notifiche push per non perderti nemmeno una notizia. Il tutto in solo 5mb di peso e compatibile con tutti gli smartphone presenti sul mercato.<\/p>\n<p>center<\/p>\n<p>justify<\/p>\n<p>no-repeat;center top;;<\/p>\n<p>auto<\/p>\n<p><img decoding=\"async\" src=\"https:\/\/gianlucagentile.com\/wp-content\/uploads\/2018\/08\/Mockup-Xiaomi-Mi-mix-2.png\" alt=\"Mockup Xiaomi Mi mix 2\" \/><\/p>\n<p>300<\/p>\n<p>center<\/p>\n","protected":false},"excerpt":{"rendered":"<p>SERVIZI icon Realizzazione Siti Web Bracciano Realizzazione Siti Web Bracciano La pagina ufficiale di un\u2019azienda \u00e8 la principale porta d\u2019ingresso sulla rete. Un vero e&#8230;<\/p>\n","protected":false},"author":1,"featured_media":0,"parent":0,"menu_order":0,"comment_status":"closed","ping_status":"closed","template":"","meta":{"_seopress_robots_primary_cat":"","_seopress_titles_title":"%%post_title%% %%sep%% %%sitetitle%%","_seopress_titles_desc":"Realizzazione Siti Web Bracciano: Esperti nel creare siti web di impatto per la tua presenza online.","_seopress_robots_index":"","footnotes":""},"class_list":["post-13017","page","type-page","status-publish"],"_links":{"self":[{"href":"https:\/\/gianlucagentile.com\/blog\/wp-json\/wp\/v2\/pages\/13017","targetHints":{"allow":["GET"]}}],"collection":[{"href":"https:\/\/gianlucagentile.com\/blog\/wp-json\/wp\/v2\/pages"}],"about":[{"href":"https:\/\/gianlucagentile.com\/blog\/wp-json\/wp\/v2\/types\/page"}],"author":[{"embeddable":true,"href":"https:\/\/gianlucagentile.com\/blog\/wp-json\/wp\/v2\/users\/1"}],"replies":[{"embeddable":true,"href":"https:\/\/gianlucagentile.com\/blog\/wp-json\/wp\/v2\/comments?post=13017"}],"version-history":[{"count":0,"href":"https:\/\/gianlucagentile.com\/blog\/wp-json\/wp\/v2\/pages\/13017\/revisions"}],"wp:attachment":[{"href":"https:\/\/gianlucagentile.com\/blog\/wp-json\/wp\/v2\/media?parent=13017"}],"curies":[{"name":"wp","href":"https:\/\/api.w.org\/{rel}","templated":true}]}}