{"id":18750,"date":"2019-07-30T15:30:59","date_gmt":"2019-07-30T13:30:59","guid":{"rendered":"https:\/\/gianlucagentile.com\/?page_id=18750"},"modified":"2024-12-29T10:56:21","modified_gmt":"2024-12-29T09:56:21","slug":"rparazione-pc-roma","status":"publish","type":"page","link":"https:\/\/gianlucagentile.com\/blog\/rparazione-pc-roma\/","title":{"rendered":"Rparazione PC Roma"},"content":{"rendered":"<p>no-repeat;left top;;<br \/>auto<\/p>\n<h1>Riparazione PC Roma<\/h1>\n<p>[divider height=&#8221;5&#8243;]<br \/>\n<br \/>[image src=&#8221;https:\/\/gianlucagentile.com\/wp-content\/uploads\/2018\/08\/linea-sottotitolo-gianluca-gentile.png&#8221; width=&#8221;&#8221; height=&#8221;&#8221; align=&#8221;&#8221; stretch=&#8221;0&#8243; border=&#8221;0&#8243; margin_top=&#8221;&#8221; margin_bottom=&#8221;15&#8243; link_image=&#8221;&#8221; link=&#8221;&#8221; target=&#8221;&#8221; hover=&#8221;&#8221; alt=&#8221;&#8221; caption=&#8221;&#8221; greyscale=&#8221;&#8221; animate=&#8221;&#8221;]<br \/>\n<\/p>\n<h2>Assistenza Computer Pc: Desktop, Portatili, Tablet e Smartphone<\/h2>\n<p>center<br \/>no-repeat;center top;;<br \/>auto<\/p>\n<p>no-repeat;left top;;<br \/>auto<\/p>\n<p>no-repeat;left top;;<br \/>auto<\/p>\n<h1>Riparazione PC Roma<\/h1>\n<p>[divider height=&#8221;5&#8243;]<br \/>\n<br \/>[image src=&#8221;https:\/\/gianlucagentile.com\/wp-content\/uploads\/2018\/08\/linea-sottotitolo-gianluca-gentile.png&#8221; width=&#8221;&#8221; height=&#8221;&#8221; align=&#8221;&#8221; stretch=&#8221;0&#8243; border=&#8221;0&#8243; margin_top=&#8221;&#8221; margin_bottom=&#8221;15&#8243; link_image=&#8221;&#8221; link=&#8221;&#8221; target=&#8221;&#8221; hover=&#8221;&#8221; alt=&#8221;&#8221; caption=&#8221;&#8221; greyscale=&#8221;&#8221; animate=&#8221;&#8221;]<br \/>\n<\/p>\n<h2>Assistenza Computer Pc: Desktop, Portatili, Tablet e Smartphone<\/h2>\n<p>center<br \/>no-repeat;center top;;<br \/>auto<\/p>\n<p>no-repeat;left top;;<br \/>auto<\/p>\n<p><img decoding=\"async\" src=\"https:\/\/gianlucagentile.com\/wp-content\/uploads\/2018\/09\/Oltre-10-anni-esperienza.webp\" alt=\"Oltre 10 anni esperienza\" \/><br \/>left<br \/>40<br \/>fadeInLeft<\/p>\n<p>[image src=&#8221;https:\/\/gianlucagentile.com\/wp-content\/uploads\/2018\/09\/10-anni-esperienza-gianluca-gentile-icon-riparazione-pc.png&#8221; width=&#8221;74&#8243; height=&#8221;&#8221; align=&#8221;&#8221; stretch=&#8221;0&#8243; border=&#8221;0&#8243; margin_top=&#8221;&#8221; margin_bottom=&#8221;20&#8243; link_image=&#8221;&#8221; link=&#8221;&#8221; target=&#8221;&#8221; hover=&#8221;&#8221; alt=&#8221;&#8221; caption=&#8221;&#8221; greyscale=&#8221;&#8221; animate=&#8221;&#8221;]<br \/>\n<\/p>\n<h3>Oltre 10 anni d&#8217;esperienza<\/h3>\n<p>[image src=&#8221;https:\/\/gianlucagentile.com\/wp-content\/uploads\/2018\/08\/linea-sottotitolo-gianluca-gentile.png&#8221; width=&#8221;&#8221; height=&#8221;&#8221; align=&#8221;&#8221; stretch=&#8221;0&#8243; border=&#8221;0&#8243; margin_top=&#8221;&#8221; margin_bottom=&#8221;20&#8243; link_image=&#8221;&#8221; link=&#8221;&#8221; target=&#8221;&#8221; hover=&#8221;&#8221; alt=&#8221;&#8221; caption=&#8221;&#8221; greyscale=&#8221;&#8221; animate=&#8221;&#8221;]<br \/>\n<br \/>Non importa quale sia il problema (Hardware o Software): il tuo computer pu\u00f2 essere riparato. Nella maggior parte dei casi conviene riparare il tuo dispositivo. Ho pi\u00f9 di 10 anni d&#8217;esperienza nella riparazione di Computer Windows &amp; Mac<br \/>center<br \/>no-repeat;center top;;<br \/>auto<br \/>20% 0px 10% 0px<\/p>\n<p><img decoding=\"async\" src=\"https:\/\/gianlucagentile.com\/wp-content\/uploads\/2018\/09\/Oltre-10-anni-esperienza.webp\" alt=\"Oltre 10 anni esperienza\" \/><br \/>left<br \/>40<br \/>fadeInLeft<\/p>\n<p>[image src=&#8221;https:\/\/gianlucagentile.com\/wp-content\/uploads\/2018\/09\/10-anni-esperienza-gianluca-gentile-icon-riparazione-pc.png&#8221; width=&#8221;74&#8243; height=&#8221;&#8221; align=&#8221;&#8221; stretch=&#8221;0&#8243; border=&#8221;0&#8243; margin_top=&#8221;&#8221; margin_bottom=&#8221;20&#8243; link_image=&#8221;&#8221; link=&#8221;&#8221; target=&#8221;&#8221; hover=&#8221;&#8221; alt=&#8221;&#8221; caption=&#8221;&#8221; greyscale=&#8221;&#8221; animate=&#8221;&#8221;]<br \/>\n<\/p>\n<h3>Oltre 10 anni d&#8217;esperienza<\/h3>\n<p>[image src=&#8221;https:\/\/gianlucagentile.com\/wp-content\/uploads\/2018\/08\/linea-sottotitolo-gianluca-gentile.png&#8221; width=&#8221;&#8221; height=&#8221;&#8221; align=&#8221;&#8221; stretch=&#8221;0&#8243; border=&#8221;0&#8243; margin_top=&#8221;&#8221; margin_bottom=&#8221;20&#8243; link_image=&#8221;&#8221; link=&#8221;&#8221; target=&#8221;&#8221; hover=&#8221;&#8221; alt=&#8221;&#8221; caption=&#8221;&#8221; greyscale=&#8221;&#8221; animate=&#8221;&#8221;]<br \/>\n<br \/>Non importa quale sia il problema (Hardware o Software): il tuo computer pu\u00f2 essere riparato. Nella maggior parte dei casi conviene riparare il tuo dispositivo. Ho pi\u00f9 di 10 anni d&#8217;esperienza nella riparazione di Computer Windows &amp; Mac<br \/>center<br \/>no-repeat;center top;;<br \/>auto<br \/>20% 0px 10% 0px<\/p>\n<p>[image src=&#8221;https:\/\/gianlucagentile.com\/wp-content\/uploads\/2018\/09\/Oltre-10-anni-esperienza-gianluca-gentile-icona.png&#8221; width=&#8221;74&#8243; height=&#8221;&#8221; align=&#8221;&#8221; stretch=&#8221;0&#8243; border=&#8221;0&#8243; margin_top=&#8221;&#8221; margin_bottom=&#8221;20&#8243; link_image=&#8221;&#8221; link=&#8221;&#8221; target=&#8221;&#8221; hover=&#8221;&#8221; alt=&#8221;&#8221; caption=&#8221;&#8221; greyscale=&#8221;&#8221; animate=&#8221;&#8221;]<br \/>\n<\/p>\n<h3>Assistenza Computer Remota Roma<\/h3>\n<p>[image src=&#8221;https:\/\/gianlucagentile.com\/wp-content\/uploads\/2018\/08\/linea-sottotitolo-gianluca-gentile.png&#8221; width=&#8221;&#8221; height=&#8221;&#8221; align=&#8221;&#8221; stretch=&#8221;0&#8243; border=&#8221;0&#8243; margin_top=&#8221;&#8221; margin_bottom=&#8221;20&#8243; link_image=&#8221;&#8221; link=&#8221;&#8221; target=&#8221;&#8221; hover=&#8221;&#8221; alt=&#8221;&#8221; caption=&#8221;&#8221; greyscale=&#8221;&#8221; animate=&#8221;&#8221;]<br \/>\n<br \/>Hai urgenza di risolvere un problema? Se il problema \u00e8 a livello software posso utilizzare il collegamento da remoto per risolverlo in poco tempo. Grazie all&#8217;assistenza remota \u00e8 possibile risolvere qualsiasi problema legato a: virus, lentazza di sistema, aggiornamenti e vari problemi software.<br \/>center<br \/>no-repeat;center top;;<br \/>auto<br \/>20% 0px 10% 0px<\/p>\n<p><img decoding=\"async\" src=\"https:\/\/gianlucagentile.com\/wp-content\/uploads\/2018\/09\/Assistenza-computer-remota.webp\" alt=\"Assistenza computer remota\" \/><br \/>center<br \/>70<br \/>fadeInRight<\/p>\n<p><img decoding=\"async\" src=\"https:\/\/gianlucagentile.com\/wp-content\/uploads\/2018\/09\/Assistenza-computer-remota.webp\" alt=\"Assistenza computer remota\" \/><br \/>center<br \/>70<br \/>fadeInRight<\/p>\n<p>[image src=&#8221;https:\/\/gianlucagentile.com\/wp-content\/uploads\/2018\/09\/Oltre-10-anni-esperienza-gianluca-gentile-icona.png&#8221; width=&#8221;74&#8243; height=&#8221;&#8221; align=&#8221;&#8221; stretch=&#8221;0&#8243; border=&#8221;0&#8243; margin_top=&#8221;&#8221; margin_bottom=&#8221;20&#8243; link_image=&#8221;&#8221; link=&#8221;&#8221; target=&#8221;&#8221; hover=&#8221;&#8221; alt=&#8221;&#8221; caption=&#8221;&#8221; greyscale=&#8221;&#8221; animate=&#8221;&#8221;]<br \/>\n<\/p>\n<h3>Assistenza Computer Remota Roma<\/h3>\n<p>[image src=&#8221;https:\/\/gianlucagentile.com\/wp-content\/uploads\/2018\/08\/linea-sottotitolo-gianluca-gentile.png&#8221; width=&#8221;&#8221; height=&#8221;&#8221; align=&#8221;&#8221; stretch=&#8221;0&#8243; border=&#8221;0&#8243; margin_top=&#8221;&#8221; margin_bottom=&#8221;20&#8243; link_image=&#8221;&#8221; link=&#8221;&#8221; target=&#8221;&#8221; hover=&#8221;&#8221; alt=&#8221;&#8221; caption=&#8221;&#8221; greyscale=&#8221;&#8221; animate=&#8221;&#8221;]<br \/>\n<br \/>Hai urgenza di risolvere un problema? Se il problema \u00e8 a livello software posso utilizzare il collegamento da remoto per risolverlo in poco tempo. Grazie all&#8217;assistenza remota \u00e8 possibile risolvere qualsiasi problema legato a: virus, lentazza di sistema, aggiornamenti e vari problemi software.<br \/>center<br \/>no-repeat;center top;;<br \/>auto<br \/>20% 0px 10% 0px<\/p>\n<p><img decoding=\"async\" src=\"https:\/\/gianlucagentile.com\/wp-content\/uploads\/2018\/09\/Rimozione-Virus-Malware.jpg\" alt=\"Rimozione Virus Malware\" \/><br \/>center<br \/>60<br \/>fadeInLeft<\/p>\n<p>[image src=&#8221;https:\/\/gianlucagentile.com\/wp-content\/uploads\/2018\/09\/Assistenza-periodica-Gianluca-Gentile.png&#8221; width=&#8221;74&#8243; height=&#8221;&#8221; align=&#8221;&#8221; stretch=&#8221;0&#8243; border=&#8221;0&#8243; margin_top=&#8221;&#8221; margin_bottom=&#8221;20&#8243; link_image=&#8221;&#8221; link=&#8221;&#8221; target=&#8221;&#8221; hover=&#8221;&#8221; alt=&#8221;&#8221; caption=&#8221;&#8221; greyscale=&#8221;&#8221; animate=&#8221;&#8221;]<br \/>\n<\/p>\n<h3>Assistenza Computer periodica Roma<\/h3>\n<p>[image src=&#8221;https:\/\/gianlucagentile.com\/wp-content\/uploads\/2018\/08\/linea-sottotitolo-gianluca-gentile.png&#8221; width=&#8221;&#8221; height=&#8221;&#8221; align=&#8221;&#8221; stretch=&#8221;0&#8243; border=&#8221;0&#8243; margin_top=&#8221;&#8221; margin_bottom=&#8221;20&#8243; link_image=&#8221;&#8221; link=&#8221;&#8221; target=&#8221;&#8221; hover=&#8221;&#8221; alt=&#8221;&#8221; caption=&#8221;&#8221; greyscale=&#8221;&#8221; animate=&#8221;&#8221;]<br \/>\n<br \/>Un&#8217;assistenza costante pu\u00f2 garantire maggiore longevit\u00e0 al tuo computer. Grazie a un controllo da remoto \u00e8 possibile tenere aggiornati programmi e aggiornamenti di sistema per avere il proprio computer sempre al Top. Tutti i piani vengono creati su misura ad ogni singolo cliente e il prezzo varia in base al numero e alla tipologia di computer.<br \/>center<br \/>no-repeat;center top;;<br \/>auto<br \/>20% 0px 10% 0px<\/p>\n<p><img decoding=\"async\" src=\"https:\/\/gianlucagentile.com\/wp-content\/uploads\/2018\/09\/Rimozione-Virus-Malware.jpg\" alt=\"Rimozione Virus Malware\" \/><br \/>center<br \/>60<br \/>fadeInLeft<\/p>\n<p>[image src=&#8221;https:\/\/gianlucagentile.com\/wp-content\/uploads\/2018\/09\/Assistenza-periodica-Gianluca-Gentile.png&#8221; width=&#8221;74&#8243; height=&#8221;&#8221; align=&#8221;&#8221; stretch=&#8221;0&#8243; border=&#8221;0&#8243; margin_top=&#8221;&#8221; margin_bottom=&#8221;20&#8243; link_image=&#8221;&#8221; link=&#8221;&#8221; target=&#8221;&#8221; hover=&#8221;&#8221; alt=&#8221;&#8221; caption=&#8221;&#8221; greyscale=&#8221;&#8221; animate=&#8221;&#8221;]<br \/>\n<\/p>\n<h3>Assistenza Computer periodica Roma<\/h3>\n<p>[image src=&#8221;https:\/\/gianlucagentile.com\/wp-content\/uploads\/2018\/08\/linea-sottotitolo-gianluca-gentile.png&#8221; width=&#8221;&#8221; height=&#8221;&#8221; align=&#8221;&#8221; stretch=&#8221;0&#8243; border=&#8221;0&#8243; margin_top=&#8221;&#8221; margin_bottom=&#8221;20&#8243; link_image=&#8221;&#8221; link=&#8221;&#8221; target=&#8221;&#8221; hover=&#8221;&#8221; alt=&#8221;&#8221; caption=&#8221;&#8221; greyscale=&#8221;&#8221; animate=&#8221;&#8221;]<br \/>\n<br \/>Un&#8217;assistenza costante pu\u00f2 garantire maggiore longevit\u00e0 al tuo computer. Grazie a un controllo da remoto \u00e8 possibile tenere aggiornati programmi e aggiornamenti di sistema per avere il proprio computer sempre al Top. Tutti i piani vengono creati su misura ad ogni singolo cliente e il prezzo varia in base al numero e alla tipologia di computer.<br \/>center<br \/>no-repeat;center top;;<br \/>auto<br \/>20% 0px 10% 0px<\/p>\n<p>Cosa dicono di me su Facebook<\/p>\n<h2>Cosa dicono di me su Facebook<\/h2>\n<p>[image src=&#8221;https:\/\/gianlucagentile.com\/wp-content\/uploads\/2018\/08\/linea-sottotitolo-gianluca-gentile.png&#8221; width=&#8221;&#8221; height=&#8221;&#8221; align=&#8221;&#8221; stretch=&#8221;0&#8243; border=&#8221;0&#8243; margin_top=&#8221;&#8221; margin_bottom=&#8221;15&#8243; link_image=&#8221;&#8221; link=&#8221;&#8221; target=&#8221;&#8221; hover=&#8221;&#8221; alt=&#8221;&#8221; caption=&#8221;&#8221; greyscale=&#8221;&#8221; animate=&#8221;&#8221;]<br \/>center<br \/>no-repeat;center top;;<br \/>auto<br \/>0px<\/p>\n<p>Recensioni Facebook<br \/>[facebook-reviews-pro page_name=&#8221;Gianluca Gentile&#8221; page_id=1781356155492647 page_access_token=EAAVVPjFKgSEBAHAUT7Xm5D3jzADPuXAiOwcmNm7IdFbeB4j2gbFiluIGGZBBRThL13UIyLhAmfVCkqAwAN2bZCsAORZBS7SxWHmwMRabyFtfegA7HGmcd6ERQmRU9G2CBUZCxmxOCbsXRlceOoonxMpC6nTZACWyVkZBWVMZAunJwZDZD rating_snippet=true view_mode=slider open_link=true nofollow_link=true cache=24]<br \/>no-repeat;left top;;<br \/>auto<\/p>\n<p>Pulsante in basso a destra<br \/>[google-reviews-pro place_photo=https:\/\/lh3.googleusercontent.com\/p\/AF1QipNUdmqdDhdB_lllpvwlahGbS03-lwJAljZZJDTP=s1600-w300-h300 place_name=&#8221;Gianluca Gentile&#8221; place_id=ChIJM7WfeyhuLxMRKj7pqH-aaNc auto_load=true rating_snippet=true write_review=true view_mode=badge open_link=true nofollow_link=true lazy_load_img=true]<br \/>no-repeat;left top;;<br \/>auto<\/p>\n<p>Servizi Computer<\/p>\n<h2>Servizi Computer Roma<\/h2>\n<p>[image src=&#8221;https:\/\/gianlucagentile.com\/wp-content\/uploads\/2018\/08\/linea-sottotitolo-gianluca-gentile.png&#8221; width=&#8221;&#8221; height=&#8221;&#8221; align=&#8221;&#8221; stretch=&#8221;0&#8243; border=&#8221;0&#8243; margin_top=&#8221;&#8221; margin_bottom=&#8221;15&#8243; link_image=&#8221;&#8221; link=&#8221;&#8221; target=&#8221;&#8221; hover=&#8221;&#8221; alt=&#8221;&#8221; caption=&#8221;&#8221; greyscale=&#8221;&#8221; animate=&#8221;&#8221;]<br \/>center<br \/>no-repeat;center top;;<br \/>auto<br \/>0px<\/p>\n<p><img decoding=\"async\" src=\"https:\/\/gianlucagentile.com\/wp-content\/uploads\/2018\/09\/Rimozione-Virus-Gianluca-Gentile.png\" alt=\"Rimozione Virus Gianluca Gentile\" \/><br \/>center<br \/>2<br \/>2<\/p>\n<p>Rimozione Virus &#8211; Malware<\/p>\n<h3>Rimozione Virus &#8211; Malware<\/h3>\n<p>Se nel tuo computer sono presenti virus o malware \u00e8 possibile eliminarli in poco tempo. Oltre all&#8217;eliminazione metter\u00f2 in sicurezza il tuo computer.<br \/>center<br \/>no-repeat;center top;;<br \/>auto<br \/>5px<\/p>\n<p><img decoding=\"async\" src=\"https:\/\/gianlucagentile.com\/wp-content\/uploads\/2018\/09\/Aggiornamento-Sistema-Gianluca-Gentile.png\" alt=\"Aggiornamento Sistema Gianluca Gentile\" \/><br \/>center<\/p>\n<p>Aggiornamento Sistema<\/p>\n<h3>Aggiornamento Sistema<\/h3>\n<p>Se il tuo computer ha una vecchia versione di Windows o Mac Osx posso aggiornare il vostro sistema operativo all&#8217;ultima versione disponibile o compatibile con il vostro hadware.<br \/>center<br \/>no-repeat;center top;;<br \/>auto<br \/>5px<\/p>\n<p><img decoding=\"async\" src=\"https:\/\/gianlucagentile.com\/wp-content\/uploads\/2018\/09\/Formattazione-Computer-Gianluca-Gentile.png\" alt=\"Formattazione Computer Gianluca Gentile\" \/><br \/>center<br \/>5<br \/>5<\/p>\n<p>Formattazione Computer<\/p>\n<h3>Formattazione Computer<\/h3>\n<p>Una formattazione completa del vostro computer pu\u00f2 aiutare a ripulire e velocizzare il vostro computer. Consiglio questo servizio in abbinamento a un upgrade hardware con l&#8217;installazione di un <a href=\"https:\/\/amzn.to\/2wG1WoG\">SSD<\/a><br \/>center<br \/>no-repeat;center top;;<br \/>auto<br \/>5px<\/p>\n<p><img decoding=\"async\" src=\"https:\/\/gianlucagentile.com\/wp-content\/uploads\/2018\/09\/Aggiornamento-Componenti-Gianluca-Gentile.png\" alt=\"Aggiornamento Componenti Gianluca Gentile\" \/><br \/>152<br \/>146<br \/>center<\/p>\n<p>Aggiornamento Componenti<\/p>\n<h3>Aggiornamento Componenti<\/h3>\n<p>Nei computer di qualche anno un semplice aggiornamento dei componenti pu\u00f2 allungare la vista del vostro computer anche di altri 4 anni: upgrade di ram, hard disk e scheda video (anche per Apple)<br \/>center<br \/>no-repeat;center top;;<br \/>auto<br \/>5px<\/p>\n<p><img decoding=\"async\" src=\"https:\/\/gianlucagentile.com\/wp-content\/uploads\/2018\/09\/Ottimizzazione-Software-Gianluca-Gentile.png\" alt=\"Ottimizzazione Software Gianluca Gentile\" \/><br \/>152<br \/>146<br \/>center<br \/>11<br \/>11<\/p>\n<p>Ottimizzazione Software<\/p>\n<h3>Ottimizzazione Software<\/h3>\n<p>Utilizzare i giusti programmi pu\u00f2 aiutare a essere pi\u00f9 produttivi e pu\u00f2 anche migliore l&#8217;efficienza del vostro computer. Molte volte basta una pulizia e messa in sicurezza del vostro computer e l&#8217;utilizzo di nuovi programmi.<br \/>center<br \/>no-repeat;center top;;<br \/>auto<br \/>5px<\/p>\n<p><img decoding=\"async\" src=\"https:\/\/gianlucagentile.com\/wp-content\/uploads\/2018\/09\/Consulenza-Informatica-Gianluca-Gentile.png\" alt=\"Consulenza Informatica Gianluca Gentile\" \/><br \/>152<br \/>146<br \/>center<br \/>3<br \/>3<\/p>\n<p>Consulenza Informatica<\/p>\n<h3>Consulenza Informatica<\/h3>\n<p>Offro la consulenza informatica per i tui prossimi acquisti informatici. Acquistare i migliori prodotti rapporto qualit\u00e0\/prezzo pu\u00f2 aiutarti non solo a risparmiare, ma anche a migliorare le tue attivit\u00e0 quotidiane.<br \/>center<br \/>no-repeat;center top;;<br \/>auto<br \/>5px<\/p>\n<p>Compila il modulo per inviare la tua richiesta<\/p>\n<h2>Compila il modulo per inviare la tua richiesta<\/h2>\n<p>[image src=&#8221;https:\/\/gianlucagentile.com\/wp-content\/uploads\/2018\/08\/linea-sottotitolo-gianluca-gentile.png&#8221; width=&#8221;&#8221; height=&#8221;&#8221; align=&#8221;&#8221; stretch=&#8221;0&#8243; border=&#8221;0&#8243; margin_top=&#8221;&#8221; margin_bottom=&#8221;15&#8243; link_image=&#8221;&#8221; link=&#8221;&#8221; target=&#8221;&#8221; hover=&#8221;&#8221; alt=&#8221;&#8221; caption=&#8221;&#8221; greyscale=&#8221;&#8221; animate=&#8221;&#8221;]<br \/>center<br \/>no-repeat;center top;;<br \/>auto<br \/>0px<\/p>\n<p>no-repeat;left top;;<br \/>auto<\/p>\n<p>Form<br \/>[gravityform id=&#8221;4&#8243; title=&#8221;false&#8221; description=&#8221;false&#8221;]<br \/>no-repeat;left top;;<br \/>auto<\/p>\n<p>no-repeat;left top;;<br \/>auto<\/p>\n","protected":false},"excerpt":{"rendered":"<p>no-repeat;left top;;auto Riparazione PC Roma [divider height=&#8221;5&#8243;] [image src=&#8221;https:\/\/gianlucagentile.com\/wp-content\/uploads\/2018\/08\/linea-sottotitolo-gianluca-gentile.png&#8221; width=&#8221;&#8221; height=&#8221;&#8221; align=&#8221;&#8221; stretch=&#8221;0&#8243; border=&#8221;0&#8243; margin_top=&#8221;&#8221; margin_bottom=&#8221;15&#8243; link_image=&#8221;&#8221; link=&#8221;&#8221; target=&#8221;&#8221; hover=&#8221;&#8221; alt=&#8221;&#8221; caption=&#8221;&#8221; greyscale=&#8221;&#8221; animate=&#8221;&#8221;] Assistenza&#8230;<\/p>\n","protected":false},"author":1,"featured_media":0,"parent":0,"menu_order":0,"comment_status":"closed","ping_status":"closed","template":"","meta":{"_seopress_robots_primary_cat":"","_seopress_titles_title":"","_seopress_titles_desc":"no-repeat;left top;;autoRiparazione PC Roma Assistenza Computer Pc: Desktop, Portatili, Tablet e Smartphonecenterno-repeat;center top;;autono-repeat;lef...","_seopress_robots_index":"","footnotes":""},"class_list":["post-18750","page","type-page","status-publish"],"_links":{"self":[{"href":"https:\/\/gianlucagentile.com\/blog\/wp-json\/wp\/v2\/pages\/18750","targetHints":{"allow":["GET"]}}],"collection":[{"href":"https:\/\/gianlucagentile.com\/blog\/wp-json\/wp\/v2\/pages"}],"about":[{"href":"https:\/\/gianlucagentile.com\/blog\/wp-json\/wp\/v2\/types\/page"}],"author":[{"embeddable":true,"href":"https:\/\/gianlucagentile.com\/blog\/wp-json\/wp\/v2\/users\/1"}],"replies":[{"embeddable":true,"href":"https:\/\/gianlucagentile.com\/blog\/wp-json\/wp\/v2\/comments?post=18750"}],"version-history":[{"count":0,"href":"https:\/\/gianlucagentile.com\/blog\/wp-json\/wp\/v2\/pages\/18750\/revisions"}],"wp:attachment":[{"href":"https:\/\/gianlucagentile.com\/blog\/wp-json\/wp\/v2\/media?parent=18750"}],"curies":[{"name":"wp","href":"https:\/\/api.w.org\/{rel}","templated":true}]}}