{"id":1921,"date":"2018-05-08T17:03:51","date_gmt":"2018-05-08T15:03:51","guid":{"rendered":"https:\/\/gianlucagentile.com\/?page_id=1921"},"modified":"2019-03-15T13:02:16","modified_gmt":"2019-03-15T12:02:16","slug":"cookie-policy","status":"publish","type":"page","link":"https:\/\/gianlucagentile.com\/blog\/cookie-policy\/","title":{"rendered":"Cookie Policy"},"content":{"rendered":"<p>Questo sito web utilizza i cookie.<\/p>\n<div>\n<div class=\"CookieDeclaration\" dir=\"ltr\" lang=\"it\">\n<div>\n<div class=\"CookieDeclaration\" dir=\"ltr\" lang=\"it\">\n<p>Utilizziamo i cookie per personalizzare i contenuti e gli annunci, fornire le funzioni dei social media e analizzare il mio traffico. Inoltre fornisco informazioni sul modo in cui utilizzi il nostro sito ai nostri partner che si occupano di analisi dei dati web, pubblicit\u00e0 e social media, i quali potrebbero combinarle con altre informazioni che hai fornito loro o che hanno raccolto in base al tuo utilizzo dei loro servizi.<\/p>\n<p class=\"CookieDeclarationIntro\">I cookie sono piccoli file di testo che possono essere utilizzati dai siti web per rendere pi\u00f9 efficiente l&#8217;esperienza per l&#8217;utente.<\/p>\n<p>La legge afferma che possiamo memorizzare i cookie sul tuo dispositivo se sono strettamente necessari per il funzionamento di questo sito. Per tutti gli altri tipi di cookie mi serve il tuo permesso.<\/p>\n<p>Questo sito utilizza diversi tipi di cookie. Alcuni cookie sono posti da servizi di terzi che compaiono sulle mie pagine.<\/p>\n<p>Il suo consenso si applica ai seguenti siti web: www.gianlucagentile.com<\/p>\n<p class=\"CookieDeclarationLastUpdated\"><span style=\"text-decoration: underline;\"><strong>Dichiarazione Cookie aggiornata l&#8217;ultima volta il 21\/08\/2018\u00a0<\/strong><\/span><\/p>\n<div class=\"CookieDeclarationType\" dir=\"ltr\" lang=\"it\"><strong>[render_cookies_list]<\/strong><\/div>\n<\/div>\n<\/div>\n<p>I singoli cookie di terze parti, nonch\u00e9 i link attraverso i quali\u00a0l\u2019utente\u00a0pu\u00f2\u00a0ricevere\u00a0maggiori informazioni e richiedere la disattivazione dei cookie sono riportati nell\u2019elenco dei servizi indicati nel paragrafo \u201c<strong>Dettagli sul trattamento dei Dati Personali<\/strong>\u201d a cui si rimanda.<\/p>\n<h3><strong>Disabilitazione dei cookie<\/strong><\/h3>\n<p>In aggiunta a quanto indicato in questo documento, l\u2019Utente pu\u00f2 gestire le preferenze relative ai Cookie direttamente all\u2019interno del proprio browser ed impedire \u2013 ad esempio \u2013 che terze parti possano installarne. Tramite le preferenze del browser \u00e8 inoltre possibile eliminare i Cookie installati in passato, incluso il Cookie in cui venga eventualmente salvato il consenso all\u2019installazione di Cookie da parte di questo sito. \u00c8 importante notare che disabilitando tutti i Cookie, il funzionamento di questo sito potrebbe essere compromesso.<\/p>\n<p>Ciascun browser presenta procedure diverse per la gestione delle impostazioni. L\u2019utente pu\u00f2 ottenere istruzioni specifiche attraverso i link sottostanti.<\/p>\n<p><strong><a href=\"http:\/\/windows.microsoft.com\/it-it\/windows7\/block-enable-or-allow-cookies\" target=\"_blank\" rel=\"noopener noreferrer\">Microsoft Windows Explorer<\/a><\/strong><\/p>\n<p><strong><a href=\"https:\/\/support.google.com\/chrome\/bin\/answer.py?hl=it&amp;answer=95647&amp;p=cpn_cookies\" target=\"_blank\" rel=\"noopener noreferrer\">Google Chrome\u00a0<\/a><\/strong><\/p>\n<p><strong><a href=\"https:\/\/support.mozilla.org\/it-IT\/kb\/Enabling%20and%20disabling%20cookies\" target=\"_blank\" rel=\"noopener noreferrer\">Mozilla Firefox\u00a0<\/a><\/strong><\/p>\n<p><a href=\"https:\/\/support.apple.com\/kb\/PH17191?viewlocale=it_IT&amp;locale=it_IT\" target=\"_blank\" rel=\"noopener noreferrer\"><strong>Apple Safari<\/strong><\/a><\/p>\n<p><a href=\"http:\/\/help.opera.com\/Windows\/10.00\/it\/cookies.html\" target=\"_blank\" rel=\"noopener noreferrer\"><strong>Opera<\/strong><\/a><\/p>\n<p>\u2013 La disattivazione dei cookie di terze parti \u00e8 inoltre possibile attraverso le modalit\u00e0 rese disponibili direttamente dalla societ\u00e0 terza titolare per detto trattamento, come indicato ai link riportati nel paragrafo \u201ccookie di terze parti\u201d<\/p>\n<p>\u2013 In caso di servizi erogati da terze parti, l\u2019Utente pu\u00f2 inoltre esercitare il proprio diritto ad opporsi al tracciamento informandosi tramite la privacy policy della terza parte, tramite il link di opt out se esplicitamente fornito o contattando direttamente la stessa.<\/p>\n<p>\u2013 Per avere informazioni sui cookie archiviati sul proprio terminale e disattivarli singolarmente si rinvia al link:<\/p>\n<p><a href=\"http:\/\/www.youronlinechoices.com\/it\/le-tue-scelte\" target=\"_blank\" rel=\"noopener noreferrer\"><strong>http:\/\/www.youronlinechoices.com\/it\/le-tue-scelte<\/strong><\/a><\/p>\n<h2><strong>Ulteriori informazioni sui Dati Personali<\/strong><\/h2>\n<h3>\u00a0<strong>Marketing Affiliato<\/strong><\/h3>\n<p>Per permettere il mantenimento dell\u2019hosting del blog e per poter continuare a dedicare il mio tempo a questo progetto gratuito, su questo blog propongo link di affiliazione. I link di affiliazione, mi permettono di guadagnare una percentuale su quello che l\u2019utente acquista tramite il link di affiliazione. Tale guadagno, mi permette di lavorare su questo blog, garantendo del materiale utile e gratuito a tutti gli utenti.<\/p>\n<h2>Ulteriori informazioni sul trattamento<\/h2>\n<h3>Difesa in giudizio<\/h3>\n<p>I Dati Personali dell\u2019Utente possono essere utilizzati per la difesa da parte del Titolare in giudizio o nelle fasi propedeutiche alla sua eventuale instaurazione, da abusi nell\u2019utilizzo della stessa o dei servizi connessi da parte dell\u2019Utente.<br \/>\nL\u2019Utente dichiara di essere consapevole che il Titolare potrebbe essere richiesto di rivelare i Dati su richiesta delle pubbliche autorit\u00e0.<\/p>\n<h3>Informative specifiche<\/h3>\n<p>Su richiesta dell\u2019Utente, in aggiunta alle informazioni contenute in questa privacy policy, questo Sito\u00a0potrebbe fornire all\u2019Utente delle informative aggiuntive e contestuali riguardanti servizi specifici, o la raccolta ed il trattamento di Dati Personali.<\/p>\n<h3>Log di sistema e manutenzione<\/h3>\n<p>Per necessit\u00e0 legate al funzionamento ed alla manutenzione, questo Sito\u00a0e gli eventuali servizi terzi da essa utilizzati potrebbero raccogliere Log di sistema, ossia file che registrano le interazioni e che possono contenere anche Dati Personali, quali l\u2019indirizzo IP Utente.<\/p>\n<h3>Informazioni non contenute in questa policy<\/h3>\n<p>Maggiori informazioni in relazione al trattamento dei Dati Personali potranno essere richieste in qualsiasi momento al Titolare del Trattamento utilizzando le informazioni di contatto.<\/p>\n<h3>Risposta alle richieste \u201eDo Not Track\u201d<\/h3>\n<p>Questo Sito\u00a0non supporta le richieste \u201cDo Not Track\u201d. Per conoscere se gli eventuali servizi di terze parti utilizzati le supportano, consulta le loro privacy policy.<\/p>\n<h3>Modifiche a questa privacy policy<\/h3>\n<p>Il Titolare del Trattamento si riserva il diritto di apportare modifiche alla presente privacy policy in qualunque momento dandone informazione agli Utenti su questa pagina e, se possibile, su gianlucagentile.com nonch\u00e9, qualora tecnicamente e legalmente fattibile, inviando una notifica agli Utenti attraverso uno degli estremi di contatto di cui \u00e8 in possesso il Titolare. Si prega dunque di consultare regolarmente questa pagina, facendo riferimento alla data di ultima modifica indicata in fondo.<\/p>\n<p>Qualora le modifiche interessino trattamenti la cui base giuridica \u00e8 il consenso, il Titolare provveder\u00e0 a raccogliere nuovamente il consenso dell\u2019Utente, se necessario.<\/p>\n<h2 class=\"expand-click w_icon_24 icon_ribbon\">Definizioni e riferimenti legali<\/h2>\n<h3>Dati Personali (o Dati)<\/h3>\n<p>Costituisce dato personale qualunque informazione che, direttamente o indirettamente, anche in collegamento con qualsiasi altra informazione, ivi compreso un numero di identificazione personale, renda identificata o identificabile una persona fisica.<\/p>\n<h3>Dati di Utilizzo<\/h3>\n<p>Sono le informazioni raccolte automaticamente attraverso gianlucagentile.com (anche da applicazioni di parti terze integrate in gianlucagentile.com), tra cui: gli indirizzi IP o i nomi a dominio dei computer utilizzati dall\u2019Utente che si connette con gianlucagentile.com, gli indirizzi in notazione URI (Uniform Resource Identifier), l\u2019orario della richiesta, il metodo utilizzato nell\u2019inoltrare la richiesta al server, la dimensione del file ottenuto in risposta, il codice numerico indicante lo stato della risposta dal server (buon fine, errore, ecc.) il paese di provenienza, le caratteristiche del browser e del sistema operativo utilizzati dal visitatore, le varie connotazioni temporali della visita (ad esempio il tempo di permanenza su ciascuna pagina) e i dettagli relativi all\u2019itinerario seguito all\u2019interno dell\u2019Applicazione, con particolare riferimento alla sequenza delle pagine consultate, ai parametri relativi al sistema operativo e all\u2019ambiente informatico dell\u2019Utente.<\/p>\n<h3>Utente<\/h3>\n<p>L\u2019individuo che utilizza il Sito che, salvo ove diversamente specificato, coincide con l\u2019Interessato.<\/p>\n<h3>Interessato<\/h3>\n<p>La persona fisica cui si riferiscono i Dati Personali.<\/p>\n<h3>Responsabile del Trattamento (o Responsabile)<\/h3>\n<p>La persona fisica, giuridica, la pubblica amministrazione e qualsiasi altro ente che tratta dati personali per conto del Titolare, secondo quanto esposto nella presente privacy policy.<\/p>\n<h3>Titolare del Trattamento (o Titolare)<\/h3>\n<p>La persona fisica o giuridica, l\u2019autorit\u00e0 pubblica, il servizio o altro organismo che, singolarmente o insieme ad altri, determina le finalit\u00e0 e i mezzi del trattamento di dati personali e gli strumenti adottati, ivi comprese le misure di sicurezza relative al funzionamento ed alla fruizione di gianlucagentile.com. Il Titolare del Trattamento, salvo quanto diversamente specificato, \u00e8 il titolare di gianlucagentile.com.<\/p>\n<h3>Questo Sito<\/h3>\n<p>Lo strumento hardware o software mediante il quale sono raccolti i Dati Personali degli Utenti.<\/p>\n<h3>Servizio<\/h3>\n<p>Il Servizio fornito da gianlucagentile.com cos\u00ec come definito nei relativi termini (se presenti) su questo sito.<\/p>\n<h3>Unione Europea (o UE)<\/h3>\n<p>Salvo ove diversamente specificato, ogni riferimento all\u2019Unione Europea contenuto in questo documento si intende esteso a tutti gli attuali stati membri dell\u2019Unione Europea e dello Spazio Economico Europeo.<\/p>\n<h3>Cookie<\/h3>\n<p>Piccola porzione di dati conservata all\u2019interno del dispositivo dell\u2019Utente.<\/p>\n<h3>Riferimenti legali<\/h3>\n<p>La presente informativa privacy \u00e8 redatta sulla base di molteplici ordinamenti legislativi, inclusi gli artt. 13 e 14 del Regolamento (UE) 2016\/679.<\/p>\n<p>Ove non diversamente specificato, questa informativa privacy riguarda esclusivamente gianlucagentile.com.<\/p>\n<\/div>\n<\/div>\n","protected":false},"excerpt":{"rendered":"<p>Questo sito web utilizza i cookie. Utilizziamo i cookie per personalizzare i contenuti e gli annunci, fornire le funzioni dei social media e analizzare il&#8230;<\/p>\n","protected":false},"author":1,"featured_media":0,"parent":0,"menu_order":0,"comment_status":"closed","ping_status":"closed","template":"","meta":{"_seopress_robots_primary_cat":"","_seopress_titles_title":"","_seopress_titles_desc":"Questo sito web utilizza i cookie. Utilizziamo i cookie per personalizzare i contenuti e gli annunci, fornire le funzioni dei social media e analizzare ...","_seopress_robots_index":"","footnotes":""},"class_list":["post-1921","page","type-page","status-publish"],"_links":{"self":[{"href":"https:\/\/gianlucagentile.com\/blog\/wp-json\/wp\/v2\/pages\/1921","targetHints":{"allow":["GET"]}}],"collection":[{"href":"https:\/\/gianlucagentile.com\/blog\/wp-json\/wp\/v2\/pages"}],"about":[{"href":"https:\/\/gianlucagentile.com\/blog\/wp-json\/wp\/v2\/types\/page"}],"author":[{"embeddable":true,"href":"https:\/\/gianlucagentile.com\/blog\/wp-json\/wp\/v2\/users\/1"}],"replies":[{"embeddable":true,"href":"https:\/\/gianlucagentile.com\/blog\/wp-json\/wp\/v2\/comments?post=1921"}],"version-history":[{"count":0,"href":"https:\/\/gianlucagentile.com\/blog\/wp-json\/wp\/v2\/pages\/1921\/revisions"}],"wp:attachment":[{"href":"https:\/\/gianlucagentile.com\/blog\/wp-json\/wp\/v2\/media?parent=1921"}],"curies":[{"name":"wp","href":"https:\/\/api.w.org\/{rel}","templated":true}]}}