{"id":1948,"date":"2018-05-15T14:23:50","date_gmt":"2018-05-15T12:23:50","guid":{"rendered":"https:\/\/gianlucagentile.com\/?page_id=1948"},"modified":"2025-01-14T08:23:59","modified_gmt":"2025-01-14T07:23:59","slug":"servizi","status":"publish","type":"page","link":"https:\/\/gianlucagentile.com\/blog\/servizi\/","title":{"rendered":"Servizi"},"content":{"rendered":"<h1>Servizi<\/h1>\n<p>\t\t\t\t\t\t\t\t\t\t\t\t\t\t\t<img decoding=\"async\" width=\"1920\" height=\"1152\" src=\"https:\/\/gianlucagentile.com\/wp-content\/uploads\/2018\/08\/Creative-13.webp\" alt=\"\" srcset=\"https:\/\/gianlucagentile.com\/wp-content\/uploads\/2018\/08\/Creative-13.webp 1920w, https:\/\/gianlucagentile.com\/wp-content\/uploads\/2018\/08\/Creative-13-300x180.webp 300w, https:\/\/gianlucagentile.com\/wp-content\/uploads\/2018\/08\/Creative-13-768x461.webp 768w, https:\/\/gianlucagentile.com\/wp-content\/uploads\/2018\/08\/Creative-13-1024x614.webp 1024w, https:\/\/gianlucagentile.com\/wp-content\/uploads\/2018\/08\/Creative-13-243x146.webp 243w, https:\/\/gianlucagentile.com\/wp-content\/uploads\/2018\/08\/Creative-13-50x30.webp 50w, https:\/\/gianlucagentile.com\/wp-content\/uploads\/2018\/08\/Creative-13-125x75.webp 125w\" sizes=\"(max-width:767px) 480px, (max-width:1920px) 100vw, 1920px\" \/>\t\t\t\t\t\t\t\t\t\t\t\t\t\t\t\t<\/p>\n<h2>Realizzazione Siti Web<br \/>\n<\/h2>\n<p>La <strong>pagina ufficiale<\/strong> di un\u2019azienda \u00e8 la principale porta d\u2019ingresso sulla rete. Un vero e proprio biglietto da visita. Un\u2019insegna virtuale che ha bisogno di essere curata e gestita da professionisti. Un vantaggio non da poco, che garantisce ampia visibilit\u00e0. Viene assecondata l\u2019interazione tra azienda e cliente, annullando quel senso di distacco e scetticismo.<\/p>\n<p>La <strong>realizzazione di un buon sito web<\/strong> pu\u00f2 passare attraverso diverse fasi: Dominio, Spazio Web, CMS, Template, Plugin e Testo sono solo alcuni degli aspetti che vanno affrontati durante la <strong>realizzazione di un sito web<\/strong>.<\/p>\n<p>Normalmente divido la <strong>realizzazione siti web<\/strong> in 3 tipologie: Sito Web, Progetto Web e Investimento Online.<\/p>\n<p>Questa tipologia di divisione \u00e8 il frutto di <strong>anni d&#8217;esperienza<\/strong> nel settore che mi ha portato a suddividere i miei clienti in 3 fasi e quindi in 3 tipologie diverse di servizio.<\/p>\n<p>\t\t\t\t\t\t\t\t<a href=\"https:\/\/gianlucagentile.com\/realizzazione-siti-web\/\"><br \/>\n\t\t\t\t\t\t\t\t\tFai clic qui<br \/>\n\t\t\t\t\t<\/a><\/p>\n<h2>Sviluppo Plugin e Software in PHP<\/h2>\n<p>Al giorno d&#8217;oggi, tutti possono realizzare un sito web. Se dividiamo le fasi di <strong>realizzazione di un sito web<\/strong> e le cerchiamo in rete, possiamo trovare tutto il materiale che ci occorre per iniziare la realizzazione del nostro sito web. Il problema non \u00e8 tanto la realizzazione del sito, ma lo <strong>sviluppo delle funzionalit\u00e0<\/strong>.<\/p>\n<p>Alcune tecniche di realizzazione richiedono la conoscenza di linguaggi di programmazione che non possono essere imparati tramite delle semplici guide online, ma sono frutto di studio e esperienza nel settore.<\/p>\n<p>Un <strong>buon sito web<\/strong> non deve essere solo bello graficamente ma deve adottare soluzioni che semplifichino la vita dell&#8217;azienda e dei suoi clienti. Utilizzare <strong>API &#8220;Application programming interface&#8221;<\/strong> o nella nostra lingua &#8220;interfaccia di programmazione di un&#8217;applicazione&#8221; \u00e8 un sistema di comunicazione che permette di utilizzare tecnologie esterne come Gestionali, Servizi, Siti Web e molto altro nel proprio sito web.<\/p>\n<p>Per integrare questo tipo di tecnologie, molte volte c&#8217;\u00e8 la necessit\u00e0 di realizzare un software apposito o un <strong>plugin\/modulo<\/strong> che si integri con il proprio sito web. Il servizio di <strong>Sviluppo Plugin e Software in PHP<\/strong> offre proprio questo, cio\u00e8 una strada per automatizzare e semplificare la propria Azienda.<\/p>\n<p>\t\t\t\t\t\t\t\t<a href=\"https:\/\/gianlucagentile.com\/sviluppo-plugin-e-software-in-php\/\"><br \/>\n\t\t\t\t\t\t\t\t\tFai clic qui<br \/>\n\t\t\t\t\t<\/a><br \/>\n\t\t\t\t\t\t\t\t\t\t\t\t\t\t\t\t\t\t\t<img decoding=\"async\" width=\"1920\" height=\"1152\" src=\"https:\/\/gianlucagentile.com\/wp-content\/uploads\/2018\/08\/Creative-17.webp\" alt=\"\" srcset=\"https:\/\/gianlucagentile.com\/wp-content\/uploads\/2018\/08\/Creative-17.webp 1920w, https:\/\/gianlucagentile.com\/wp-content\/uploads\/2018\/08\/Creative-17-300x180.webp 300w, https:\/\/gianlucagentile.com\/wp-content\/uploads\/2018\/08\/Creative-17-768x461.webp 768w, https:\/\/gianlucagentile.com\/wp-content\/uploads\/2018\/08\/Creative-17-1024x614.webp 1024w, https:\/\/gianlucagentile.com\/wp-content\/uploads\/2018\/08\/Creative-17-243x146.webp 243w, https:\/\/gianlucagentile.com\/wp-content\/uploads\/2018\/08\/Creative-17-50x30.webp 50w, https:\/\/gianlucagentile.com\/wp-content\/uploads\/2018\/08\/Creative-17-125x75.webp 125w\" sizes=\"(max-width:767px) 480px, (max-width:1920px) 100vw, 1920px\" \/>\t\t\t\t\t\t\t\t\t\t\t\t\t\t\t\t\t\t\t\t\t\t\t\t\t\t<img decoding=\"async\" width=\"1920\" height=\"1152\" src=\"https:\/\/gianlucagentile.com\/wp-content\/uploads\/2018\/08\/Creative-05.webp\" alt=\"\" srcset=\"https:\/\/gianlucagentile.com\/wp-content\/uploads\/2018\/08\/Creative-05.webp 1920w, https:\/\/gianlucagentile.com\/wp-content\/uploads\/2018\/08\/Creative-05-300x180.webp 300w, https:\/\/gianlucagentile.com\/wp-content\/uploads\/2018\/08\/Creative-05-768x461.webp 768w, https:\/\/gianlucagentile.com\/wp-content\/uploads\/2018\/08\/Creative-05-1024x614.webp 1024w, https:\/\/gianlucagentile.com\/wp-content\/uploads\/2018\/08\/Creative-05-243x146.webp 243w, https:\/\/gianlucagentile.com\/wp-content\/uploads\/2018\/08\/Creative-05-50x30.webp 50w, https:\/\/gianlucagentile.com\/wp-content\/uploads\/2018\/08\/Creative-05-125x75.webp 125w\" sizes=\"(max-width:767px) 480px, (max-width:1920px) 100vw, 1920px\" \/>\t\t\t\t\t\t\t\t\t\t\t\t\t\t\t\t<\/p>\n<h2>Sviluppo App Android &amp; iOS<\/h2>\n<p>Chiunque \u00e8 attualmente in possesso di uno <strong>smartphone<\/strong>. L\u2019elevata diffusione di questo dispositivo rappresenta un\u2019ottima opportunit\u00e0 per fare business, in modo particolare tramite la realizzazione di un\u2019<strong>app aziendale<\/strong>.<\/p>\n<p>Essa garantisce una diffusione su ampia scala del proprio brand, con una pubblicit\u00e0 del brand rapida, abbinata all\u2019erogazione di servizi per l\u2019utenza. I nostri sistemi garantiscono una totale efficienza, con notifiche istantanee, possibilit\u00e0 di utilizzo offline e un\u2019esperienza d\u2019uso semplice e lineare. Il tutto con un semplice click.<\/p>\n<p>Facciamo del <strong>sviluppo App Android e iOS<\/strong> il nostro core business, mettendo a disposizione delle aziende il nostro know-how e la nostra esperienza nel campo.<\/p>\n<p>\t\t\t\t\t\t\t\t<a href=\"https:\/\/gianlucagentile.com\/sviluppo-app-android-ios\/\"><br \/>\n\t\t\t\t\t\t\t\t\tFai clic qui<br \/>\n\t\t\t\t\t<\/a><\/p>\n<h2>Campagne Google Ads &amp; Facebook ADS<\/h2>\n<p><strong>Google Ads<\/strong> \u00e8 la piattaforma ideale per reclamizzare il proprio brand. Tramite l\u2019implementazione di annunci pubblicitari sul motore di ricerca e la scelta delle keywords pi\u00f9 consone (parole chiave attinenti in ottica SEO), viene facilitata l\u2019individuazione del marchio sui motori di ricerca.<\/p>\n<p><strong>Facebook Ads<\/strong>, lo stesso concetto vale anche per il social network pi\u00f9 conosciuto al mondo, con la creazione di inserzioni pubblicitarie mostrate all\u2019interno della piattaforma. Annunci che, tenendo conto di numerosi fattori e destinati ad una fascia di mercato ben precisa da ricercare (et\u00e0 dei potenziali clienti, area territoriale, tipologie del servizio, ecc.), in modo tale da ottimizzarne le visualizzazioni. Vi \u00e8 la possibilit\u00e0 di scegliere dove far comparire l\u2019inserzione, il formato, e visualizzare le relative statistiche.<\/p>\n<p>Mettiamo a disposizione la nostra esperienza nel creare e gestire <strong>Campagne Google ADS &amp; Facebook ADS<\/strong>, assicurando la massima visibilit\u00e0 al tuo brand.<\/p>\n<p>\t\t\t\t\t\t\t\t<a href=\"https:\/\/gianlucagentile.com\/campagne-google-adwords-facebook-ads\/\"><br \/>\n\t\t\t\t\t\t\t\t\tFai clic qui<br \/>\n\t\t\t\t\t<\/a><br \/>\n\t\t\t\t\t\t\t\t\t\t\t\t\t\t\t\t\t\t\t<img decoding=\"async\" width=\"1920\" height=\"1152\" src=\"https:\/\/gianlucagentile.com\/wp-content\/uploads\/2018\/08\/Creative-01.png\" alt=\"\" srcset=\"https:\/\/gianlucagentile.com\/wp-content\/uploads\/2018\/08\/Creative-01.png 1920w, https:\/\/gianlucagentile.com\/wp-content\/uploads\/2018\/08\/Creative-01-300x180.webp 300w, https:\/\/gianlucagentile.com\/wp-content\/uploads\/2018\/08\/Creative-01-768x461.webp 768w, https:\/\/gianlucagentile.com\/wp-content\/uploads\/2018\/08\/Creative-01-1024x614.webp 1024w, https:\/\/gianlucagentile.com\/wp-content\/uploads\/2018\/08\/Creative-01-243x146.webp 243w, https:\/\/gianlucagentile.com\/wp-content\/uploads\/2018\/08\/Creative-01-50x30.webp 50w, https:\/\/gianlucagentile.com\/wp-content\/uploads\/2018\/08\/Creative-01-125x75.webp 125w\" sizes=\"(max-width:767px) 480px, (max-width:1920px) 100vw, 1920px\" \/>\t\t\t\t\t\t\t\t\t\t\t\t\t\t\t\t\t\t\t\t\t\t\t\t\t\t<img decoding=\"async\" width=\"1920\" height=\"1152\" src=\"https:\/\/gianlucagentile.com\/wp-content\/uploads\/2018\/08\/Creative-24.webp\" alt=\"\" srcset=\"https:\/\/gianlucagentile.com\/wp-content\/uploads\/2018\/08\/Creative-24.webp 1920w, https:\/\/gianlucagentile.com\/wp-content\/uploads\/2018\/08\/Creative-24-300x180.webp 300w, https:\/\/gianlucagentile.com\/wp-content\/uploads\/2018\/08\/Creative-24-768x461.webp 768w, https:\/\/gianlucagentile.com\/wp-content\/uploads\/2018\/08\/Creative-24-1024x614.webp 1024w, https:\/\/gianlucagentile.com\/wp-content\/uploads\/2018\/08\/Creative-24-243x146.webp 243w, https:\/\/gianlucagentile.com\/wp-content\/uploads\/2018\/08\/Creative-24-50x30.webp 50w, https:\/\/gianlucagentile.com\/wp-content\/uploads\/2018\/08\/Creative-24-125x75.webp 125w\" sizes=\"(max-width:767px) 480px, (max-width:1920px) 100vw, 1920px\" \/>\t\t\t\t\t\t\t\t\t\t\t\t\t\t\t\t<\/p>\n<h2>Realizzazione Contenuti &amp; SEO<\/h2>\n<p>Usare le parole giuste, in modo corretto, ma nel contesto pi\u00f9 adatto. Per promuovere un <strong>contenuto web<\/strong> \u00e8 fondamentale una certa predisposizione all\u2019ars oratoria, che sia scritta o parlata. Questa per\u00f2 non basta per avere un contenuto di qualit\u00e0, soprattutto in ambito online. \u00c8 necessario attenersi ad alcune disposizioni per incrementare il numero di visualizzazioni della propria pagina web e veicolare maggiormente il nome del proprio brand. Si tratta di alcuni accorgimenti che devono essere impiegati in modo corretto, al fine di ottimizzare la propria attivit\u00e0 pubblicitaria e rendere la comunicazione pi\u00f9 efficace.<\/p>\n<p>Stiamo parlando delle direttive SEO, con le quali indicizzare un sito tra i primi risultati dei motori di ricerca. Parametri che consentono di aumentare le visite sulla propria pagina web: utilizzo delle parole chiave nei vari contesti, lunghezza adeguata dei periodi, testo, paragrafi, titoli, sottotitoli, inserimento di immagini inerenti alla tematica ecc.<\/p>\n<p>La nostra competenza nella <strong>realizzazione contenuti e SEO<\/strong> ti permetter\u00e0 di sfruttare al meglio queste direttive, massimizzando la visibilit\u00e0 della tua pagina web.<\/p>\n<p>\t\t\t\t\t\t\t\t<a href=\"https:\/\/gianlucagentile.com\/realizzazione-contenuti-web\/\"><br \/>\n\t\t\t\t\t\t\t\t\tFai clic qui<br \/>\n\t\t\t\t\t<\/a><\/p>\n<h2>Grafica &amp; Stampa<\/h2>\n<p>Nonostante l&#8217;avvento del web, la <strong>grafica e la stampa<\/strong> rappresentano ancora il mezzo pubblicitario per eccellenza per molte attivit\u00e0. Per questo motivo, ho deciso di continuare a offrire questo servizio per tutte quelle attivit\u00e0 che necessitano di un supporto grafico per la realizzazione di merchandising e materiale pubblicitario vario.<\/p>\n<p>Grazie alla mia esperienza, ho realizzato negli anni &#8220;bozze&#8221; grafiche che possono essere riutilizzate per la propria attivit\u00e0, permettendomi di abbassare i costi e i tempi di realizzazione di un prodotto.<\/p>\n<p><strong>Stampa veloce e di alta qualit\u00e0!<\/strong> Questo \u00e8 quello che mi sento dire spesso dai miei clienti. Per questo motivo, per la stampa mi affido a partner che offrono un servizio di stampa veloce, di qualit\u00e0 e con prezzi tra i pi\u00f9 bassi sul mercato.<\/p>\n<p>Ho corretto alcuni errori grammaticali (principalmente legati alla punteggiatura) e ho aggiunto la parola chiave &#8220;grafica e stampa&#8221; nel testo. Inoltre, ho messo in grassetto le parti pi\u00f9 importanti del testo.<\/p>\n<p>\t\t\t\t\t\t\t\t<a href=\"https:\/\/gianlucagentile.com\/grafica-e-stampa\/\"><br \/>\n\t\t\t\t\t\t\t\t\tFai clic qui<br \/>\n\t\t\t\t\t<\/a><br \/>\n\t\t\t\t\t\t\t\t\t\t\t\t\t\t\t\t\t\t\t<img decoding=\"async\" width=\"1920\" height=\"1152\" src=\"https:\/\/gianlucagentile.com\/wp-content\/uploads\/2018\/08\/Creative-12.webp\" alt=\"\" srcset=\"https:\/\/gianlucagentile.com\/wp-content\/uploads\/2018\/08\/Creative-12.webp 1920w, https:\/\/gianlucagentile.com\/wp-content\/uploads\/2018\/08\/Creative-12-300x180.webp 300w, https:\/\/gianlucagentile.com\/wp-content\/uploads\/2018\/08\/Creative-12-768x461.webp 768w, https:\/\/gianlucagentile.com\/wp-content\/uploads\/2018\/08\/Creative-12-1024x614.webp 1024w, https:\/\/gianlucagentile.com\/wp-content\/uploads\/2018\/08\/Creative-12-243x146.webp 243w, https:\/\/gianlucagentile.com\/wp-content\/uploads\/2018\/08\/Creative-12-50x30.webp 50w, https:\/\/gianlucagentile.com\/wp-content\/uploads\/2018\/08\/Creative-12-125x75.webp 125w\" sizes=\"(max-width:767px) 480px, (max-width:1920px) 100vw, 1920px\" \/>\t\t\t\t\t\t\t\t\t\t\t\t\t\t\t\t\t\t\t\t\t\t\t\t\t\t<img decoding=\"async\" width=\"1920\" height=\"1152\" src=\"https:\/\/gianlucagentile.com\/wp-content\/uploads\/2018\/08\/Creative-08.webp\" alt=\"\" srcset=\"https:\/\/gianlucagentile.com\/wp-content\/uploads\/2018\/08\/Creative-08.webp 1920w, https:\/\/gianlucagentile.com\/wp-content\/uploads\/2018\/08\/Creative-08-300x180.webp 300w, https:\/\/gianlucagentile.com\/wp-content\/uploads\/2018\/08\/Creative-08-768x461.webp 768w, https:\/\/gianlucagentile.com\/wp-content\/uploads\/2018\/08\/Creative-08-1024x614.webp 1024w, https:\/\/gianlucagentile.com\/wp-content\/uploads\/2018\/08\/Creative-08-243x146.webp 243w, https:\/\/gianlucagentile.com\/wp-content\/uploads\/2018\/08\/Creative-08-50x30.webp 50w, https:\/\/gianlucagentile.com\/wp-content\/uploads\/2018\/08\/Creative-08-125x75.webp 125w\" sizes=\"(max-width:767px) 480px, (max-width:1920px) 100vw, 1920px\" \/>\t\t\t\t\t\t\t\t\t\t\t\t\t\t\t\t<\/p>\n<h2>Assistenza Remota<\/h2>\n<p>Ho iniziato questo lavoro costruendo e riparando pc nella mia camera da letto. Da l\u00ec a poco, con l&#8217;arrivo della linea ADSL, ho iniziato a creare i primi siti. La passione per i computer \u00e8 alla base della mia formazione ed \u00e8 la stessa che mi spinge a imparare e conoscere nuovi componenti hardware e nuovi software per Windows e Mac.<\/p>\n<p>Grazie al mio background culturale, posso offrire un servizio di <strong>assistenza remota<\/strong> ai miei clienti per risolvere i problemi pi\u00f9 comuni nel proprio computer. L&#8217;assistenza remota non solo risolve i problemi rapidamente, ma offre anche la comodit\u00e0 di non dover portare fisicamente il computer in un centro di assistenza.<\/p>\n<p>\t\t\t\t\t\t\t\t<a href=\"https:\/\/gianlucagentile.com\/assistenza-remota\/\"><br \/>\n\t\t\t\t\t\t\t\t\tFai clic qui<br \/>\n\t\t\t\t\t<\/a><\/p>\n","protected":false},"excerpt":{"rendered":"<p>Servizi Realizzazione Siti Web La pagina ufficiale di un\u2019azienda \u00e8 la principale porta d\u2019ingresso sulla rete. Un vero e proprio biglietto da visita. Un\u2019insegna virtuale&#8230;<\/p>\n","protected":false},"author":1,"featured_media":0,"parent":0,"menu_order":0,"comment_status":"closed","ping_status":"closed","template":"elementor_header_footer","meta":{"_seopress_robots_primary_cat":"","_seopress_titles_title":"Servizi di Gianluca Gentile - Sviluppo e Marketing Digitale","_seopress_titles_desc":"Offro una vasta gamma di servizi di sviluppo web e marketing digitale, ottimizzazione delle prestazioni, progettazione di siti web e campagne di marketing. ","_seopress_robots_index":"","footnotes":""},"class_list":["post-1948","page","type-page","status-publish"],"_links":{"self":[{"href":"https:\/\/gianlucagentile.com\/blog\/wp-json\/wp\/v2\/pages\/1948","targetHints":{"allow":["GET"]}}],"collection":[{"href":"https:\/\/gianlucagentile.com\/blog\/wp-json\/wp\/v2\/pages"}],"about":[{"href":"https:\/\/gianlucagentile.com\/blog\/wp-json\/wp\/v2\/types\/page"}],"author":[{"embeddable":true,"href":"https:\/\/gianlucagentile.com\/blog\/wp-json\/wp\/v2\/users\/1"}],"replies":[{"embeddable":true,"href":"https:\/\/gianlucagentile.com\/blog\/wp-json\/wp\/v2\/comments?post=1948"}],"version-history":[{"count":0,"href":"https:\/\/gianlucagentile.com\/blog\/wp-json\/wp\/v2\/pages\/1948\/revisions"}],"wp:attachment":[{"href":"https:\/\/gianlucagentile.com\/blog\/wp-json\/wp\/v2\/media?parent=1948"}],"curies":[{"name":"wp","href":"https:\/\/api.w.org\/{rel}","templated":true}]}}